{"id":1304,"date":"2026-02-26T13:30:44","date_gmt":"2026-02-26T20:30:44","guid":{"rendered":"https:\/\/knowalcohol.ca\/?page_id=1304"},"modified":"2026-03-23T11:58:13","modified_gmt":"2026-03-23T18:58:13","slug":"team","status":"publish","type":"page","link":"https:\/\/knowalcohol.ca\/fr\/team\/","title":{"rendered":"\u00c9quipe"},"content":{"rendered":"<section class=\"bde-section-1304-100 bde-section bde-preset-4f2c580c-f52c-42b0-bd65-211829ff07bb\">\n              \n  \n  \n\t\n\n\n\n        <div class=\"section-shape-divider-wrapper section-shape-divider-wrapper--1\">\n          <span class=\"section-shape-divider\">\n                      <svg\n                xmlns=\"http:\/\/www.w3.org\/2000\/svg\"\n                viewbox=\"0 0 1440 320\"\n                preserveaspectratio=\"none\"\n            >\n              <path fill=\"currentColor\" fill-opacity=\"1\" d=\"M0,288L1440,0L1440,320L0,320Z\"><\/path>\n            <\/svg>\n                    <\/span>\n      <\/div>\n  <div class=\"section-container\"><h1 class=\"bde-heading-1304-101 bde-heading\" data-entrance=\"fade\">\n\u00c9quipe\n<\/h1><\/div>\n<\/section><section class=\"bde-section-1304-102 bde-section\">\n  \n  \n\t\n\n\n\n<div class=\"section-container\"><div class=\"bde-columns-1304-103 bde-columns\"><div class=\"bde-column-1304-105 bde-column\">\n  \n  \n\t\n\n\n\n<h2 class=\"bde-heading-1304-153 bde-heading\" data-entrance=\"fade\">\n\u00c0 propos\n<\/h2>\n<\/div><div class=\"bde-column-1304-151 bde-column\">\n  \n  \n\t\n\n\n\n<div class=\"bde-rich-text-1304-152 bde-rich-text breakdance-rich-text-styles\">\n<p>Le <a href=\"https:\/\/www.uvic.ca\/research\/centres\/cisur\/index.php\">Canadian Institute of Substance Use Research (CISUR)<\/a> a cr\u00e9\u00e9 Know Alcohol pour fournir \u00e0 la population canadienne les derni\u00e8res donn\u00e9es scientifiques sur l\u2019alcool afin d\u2019aider les personnes \u00e0 prendre de meilleures d\u00e9cisions concernant leur consommation d\u2019alcool. Notre site Web vise \u00e0 promouvoir les <a href=\"https:\/\/www.ccsa.ca\/fr\/reperes-canadiens-sur-lalcool-et-la-sante\">Rep\u00e8res canadiens sur l\u2019alcool et la sant\u00e9<\/a>\u00a0Il est le premier site \u00e0 fournir des renseignements personnalis\u00e9s sur la consommation d\u2019alcool et les avantages de boire moins.<\/p><p>Les activit\u00e9s de recherche et de partage des connaissances du CISUR soutiennent un large \u00e9ventail de projets visant \u00e0 pr\u00e9venir et \u00e0 r\u00e9duire les probl\u00e8mes li\u00e9s \u00e0 la consommation de substances dans diverses populations aux niveaux local, national et international.<\/p><p>Know Alcohol a \u00e9t\u00e9 cr\u00e9\u00e9 en partenariat avec le <a href=\"https:\/\/www.ccsa.ca\/fr\/reperes-canadiens-sur-lalcool-et-la-sante\">Centre canadien sur les d\u00e9pendances et l\u2019usage des substances (CCDUS).<\/a>\u00a0Cette initiative a \u00e9t\u00e9 financ\u00e9e par une contribution du <a href=\"https:\/\/www.canada.ca\/fr\/sante-canada\/services\/dependance-aux-drogues\/strategie-canadienne-drogues-substances\/financement\/programme-usage-dependances-substances.html\">Programme sur l\u2019usage et les d\u00e9pendances aux substances (PUDS) de Sant\u00e9 Canada<\/a>. Cette initiative a \u00e9t\u00e9 financ\u00e9e par une contribution du Programme sur l'usage et les d\u00e9pendances aux substances (PUDS) de Sant\u00e9 Canada. Les opinions exprim\u00e9es ici ne refl\u00e8tent pas n\u00e9cessairement celles de Sant\u00e9 Canada.<\/p>\n<\/div>\n<\/div><\/div><\/div>\n<\/section><section class=\"bde-section-1304-109 bde-section\">\n              \n  \n  \n\t\n\n  <div class=\"section-background-overlay\"><\/div>\n\n\n<div class=\"section-container\"><div class=\"bde-columns-1304-110 bde-columns\"><div class=\"bde-column-1304-111 bde-column\">\n  \n  \n\t\n\n\n\n<h2 class=\"bde-heading-1304-112 bde-heading\" data-entrance=\"fade\">\nAutres recherches\n<\/h2>\n<\/div><div class=\"bde-column-1304-114 bde-column\">\n  \n  \n\t\n\n\n\n<div class=\"bde-rich-text-1304-115 bde-rich-text breakdance-rich-text-styles\">\n<p style=\"font-weight: 400;\">D\u00e9couvrez les travaux de recherche du CISUR sur d'autres substances et questions sociales. <a href=\"https:\/\/www.uvic.ca\/research\/centres\/cisur\/index.php\">Ces documents sont en anglais<\/a>.<\/p><p style=\"font-weight: 400;\">CISUR a \u00e9galement r\u00e9alis\u00e9 l'\u00c9valuation de la politique canadienne en mati\u00e8re d'alcool (CAPE).<\/p><p style=\"font-weight: 400;\">CAPE est un projet de recherche en cours qui \u00e9value de mani\u00e8re rigoureuse l'existence, au Canada, de politiques provinciales, territoriales et f\u00e9d\u00e9rales en mati\u00e8re d'alcool fond\u00e9es sur des donn\u00e9es probantes et visant \u00e0 r\u00e9duire les m\u00e9faits li\u00e9s \u00e0 la consommation d'alcool.<\/p><p style=\"font-weight: 400;\">Consultez les \u00e9valuations et les recommandations des autorit\u00e9s provinciales, territoriales et f\u00e9d\u00e9rales. <a href=\"https:\/\/www.uvic.ca\/research\/centres\/cisur\/projects\/cape\/index.php\">Ces documents sont en anglais<\/a>.<\/p>\n<\/div>\n<\/div><\/div><\/div>\n<\/section><section class=\"bde-section-1304-116 bde-section\">\n  \n  \n\t\n\n\n\n        <div class=\"section-shape-divider-wrapper section-shape-divider-wrapper--1\">\n          <span class=\"section-shape-divider\">\n                      <svg\n                xmlns=\"http:\/\/www.w3.org\/2000\/svg\"\n                viewbox=\"0 0 1440 320\"\n                preserveaspectratio=\"none\"\n            >\n              <path d=\"m1440 176-218.331 87.333c-87.89 35.156-187.784 21.62-263.149-35.657l-116.67-88.67c-72.014-54.731-171.686-54.731-243.7 0l-116.67 88.67c-75.365 57.277-175.258 70.813-263.149 35.657L0 176v144h1440V176Z\" fill=\"currentColor\"\/>\n            <\/svg>\n                    <\/span>\n      <\/div>\n  <div class=\"section-container\"><div class=\"bde-columns-1304-117 bde-columns\"><div class=\"bde-column-1304-118 bde-column\">\n  \n  \n\t\n\n\n\n<h2 class=\"bde-heading-1304-119 bde-heading\" data-entrance=\"fade\">\nContact\n<\/h2>\n<\/div><div class=\"bde-column-1304-121 bde-column\">\n  \n  \n\t\n\n\n\n<div class=\"bde-rich-text-1304-122 bde-rich-text breakdance-rich-text-styles\">\n<p>Si vous avez des questions ou des demandes pr\u00e9cises au sujet de l\u2019initiative Know Alcohol, veuillez envoyer un courriel \u00e0 <a href=\"mailto:knowalcohol@uvic.ca\">knowalcohol@uvic.ca<\/a>.<\/p>\n<\/div>\n<\/div><\/div><\/div>\n<\/section>","protected":false},"excerpt":{"rendered":"<p>Team About Us The Canadian Institute of Substance Use Research (CISUR) created Know Alcohol to give Canadians the latest evidence-based information on alcohol to help them make better decisions about their drinking. Our website aims to promote Canada\u2019s Guidance on Alcohol and Health\u00a0and is the first to provide personalized information on alcohol consumption and the [&hellip;]<\/p>\n","protected":false},"author":1,"featured_media":0,"parent":0,"menu_order":0,"comment_status":"closed","ping_status":"closed","template":"","meta":{"_breakdance_hide_in_design_set":false,"_breakdance_tags":"","footnotes":""},"class_list":["post-1304","page","type-page","status-publish","hentry"],"yoast_head":"<!-- This site is optimized with the Yoast SEO plugin v27.4 - https:\/\/yoast.com\/product\/yoast-seo-wordpress\/ -->\n<title>Team - Know Alcohol<\/title>\n<meta name=\"description\" content=\"Meet the team behind Know Alcohol, created by CISUR at the University of Victoria, delivering trusted, evidence-based information to help Canadians understand alcohol\u2019s impacts and make informed choices about drinking.\" \/>\n<meta name=\"robots\" content=\"index, follow, max-snippet:-1, max-image-preview:large, max-video-preview:-1\" \/>\n<link rel=\"canonical\" href=\"https:\/\/knowalcohol.ca\/fr\/team\/\" \/>\n<meta property=\"og:locale\" content=\"fr_CA\" \/>\n<meta property=\"og:type\" content=\"article\" \/>\n<meta property=\"og:title\" content=\"Team - Know Alcohol\" \/>\n<meta property=\"og:description\" content=\"Meet the team behind Know Alcohol, created by CISUR at the University of Victoria, delivering trusted, evidence-based information to help Canadians understand alcohol\u2019s impacts and make informed choices about drinking.\" \/>\n<meta property=\"og:url\" content=\"https:\/\/knowalcohol.ca\/fr\/team\/\" \/>\n<meta property=\"og:site_name\" content=\"Know Alcohol\" \/>\n<meta property=\"article:modified_time\" content=\"2026-03-23T18:58:13+00:00\" \/>\n<meta property=\"og:image\" content=\"https:\/\/knowalcohol.ca\/wp-content\/uploads\/2026\/03\/know-alcohol.png\" \/>\n\t<meta property=\"og:image:width\" content=\"1200\" \/>\n\t<meta property=\"og:image:height\" content=\"675\" \/>\n\t<meta property=\"og:image:type\" content=\"image\/png\" \/>\n<meta name=\"twitter:card\" content=\"summary_large_image\" \/>\n<meta name=\"twitter:label1\" content=\"Estimation du temps de lecture\" \/>\n\t<meta name=\"twitter:data1\" content=\"1 minute\" \/>\n<script type=\"application\/ld+json\" class=\"yoast-schema-graph\">{\"@context\":\"https:\\\/\\\/schema.org\",\"@graph\":[{\"@type\":\"WebPage\",\"@id\":\"https:\\\/\\\/knowalcohol.ca\\\/team\\\/\",\"url\":\"https:\\\/\\\/knowalcohol.ca\\\/team\\\/\",\"name\":\"Team - Know Alcohol\",\"isPartOf\":{\"@id\":\"https:\\\/\\\/knowalcohol.ca\\\/#website\"},\"datePublished\":\"2026-02-26T20:30:44+00:00\",\"dateModified\":\"2026-03-23T18:58:13+00:00\",\"description\":\"Meet the team behind Know Alcohol, created by CISUR at the University of Victoria, delivering trusted, evidence-based information to help Canadians understand alcohol\u2019s impacts and make informed choices about drinking.\",\"breadcrumb\":{\"@id\":\"https:\\\/\\\/knowalcohol.ca\\\/team\\\/#breadcrumb\"},\"inLanguage\":\"fr-CA\",\"potentialAction\":[{\"@type\":\"ReadAction\",\"target\":[\"https:\\\/\\\/knowalcohol.ca\\\/team\\\/\"]}]},{\"@type\":\"BreadcrumbList\",\"@id\":\"https:\\\/\\\/knowalcohol.ca\\\/team\\\/#breadcrumb\",\"itemListElement\":[{\"@type\":\"ListItem\",\"position\":1,\"name\":\"Home\",\"item\":\"https:\\\/\\\/knowalcohol.ca\\\/\"},{\"@type\":\"ListItem\",\"position\":2,\"name\":\"Team\"}]},{\"@type\":\"WebSite\",\"@id\":\"https:\\\/\\\/knowalcohol.ca\\\/#website\",\"url\":\"https:\\\/\\\/knowalcohol.ca\\\/\",\"name\":\"Know Alcohol\",\"description\":\"University of Victoria CISUR\",\"publisher\":{\"@id\":\"https:\\\/\\\/knowalcohol.ca\\\/#organization\"},\"potentialAction\":[{\"@type\":\"SearchAction\",\"target\":{\"@type\":\"EntryPoint\",\"urlTemplate\":\"https:\\\/\\\/knowalcohol.ca\\\/?s={search_term_string}\"},\"query-input\":{\"@type\":\"PropertyValueSpecification\",\"valueRequired\":true,\"valueName\":\"search_term_string\"}}],\"inLanguage\":\"fr-CA\"},{\"@type\":\"Organization\",\"@id\":\"https:\\\/\\\/knowalcohol.ca\\\/#organization\",\"name\":\"Know Alcohol\",\"url\":\"https:\\\/\\\/knowalcohol.ca\\\/\",\"logo\":{\"@type\":\"ImageObject\",\"inLanguage\":\"fr-CA\",\"@id\":\"https:\\\/\\\/knowalcohol.ca\\\/#\\\/schema\\\/logo\\\/image\\\/\",\"url\":\"https:\\\/\\\/knowalcohol.ca\\\/wp-content\\\/uploads\\\/2024\\\/04\\\/cropped-KA-Avatar.png\",\"contentUrl\":\"https:\\\/\\\/knowalcohol.ca\\\/wp-content\\\/uploads\\\/2024\\\/04\\\/cropped-KA-Avatar.png\",\"width\":512,\"height\":512,\"caption\":\"Know Alcohol\"},\"image\":{\"@id\":\"https:\\\/\\\/knowalcohol.ca\\\/#\\\/schema\\\/logo\\\/image\\\/\"}}]}<\/script>\n<!-- \/ Yoast SEO plugin. -->","yoast_head_json":{"title":"Team - Know Alcohol","description":"Meet the team behind Know Alcohol, created by CISUR at the University of Victoria, delivering trusted, evidence-based information to help Canadians understand alcohol\u2019s impacts and make informed choices about drinking.","robots":{"index":"index","follow":"follow","max-snippet":"max-snippet:-1","max-image-preview":"max-image-preview:large","max-video-preview":"max-video-preview:-1"},"canonical":"https:\/\/knowalcohol.ca\/fr\/team\/","og_locale":"fr_CA","og_type":"article","og_title":"Team - Know Alcohol","og_description":"Meet the team behind Know Alcohol, created by CISUR at the University of Victoria, delivering trusted, evidence-based information to help Canadians understand alcohol\u2019s impacts and make informed choices about drinking.","og_url":"https:\/\/knowalcohol.ca\/fr\/team\/","og_site_name":"Know Alcohol","article_modified_time":"2026-03-23T18:58:13+00:00","og_image":[{"width":1200,"height":675,"url":"https:\/\/knowalcohol.ca\/wp-content\/uploads\/2026\/03\/know-alcohol.png","type":"image\/png"}],"twitter_card":"summary_large_image","twitter_misc":{"Estimation du temps de lecture":"1 minute"},"schema":{"@context":"https:\/\/schema.org","@graph":[{"@type":"WebPage","@id":"https:\/\/knowalcohol.ca\/team\/","url":"https:\/\/knowalcohol.ca\/team\/","name":"Team - Know Alcohol","isPartOf":{"@id":"https:\/\/knowalcohol.ca\/#website"},"datePublished":"2026-02-26T20:30:44+00:00","dateModified":"2026-03-23T18:58:13+00:00","description":"Meet the team behind Know Alcohol, created by CISUR at the University of Victoria, delivering trusted, evidence-based information to help Canadians understand alcohol\u2019s impacts and make informed choices about drinking.","breadcrumb":{"@id":"https:\/\/knowalcohol.ca\/team\/#breadcrumb"},"inLanguage":"fr-CA","potentialAction":[{"@type":"ReadAction","target":["https:\/\/knowalcohol.ca\/team\/"]}]},{"@type":"BreadcrumbList","@id":"https:\/\/knowalcohol.ca\/team\/#breadcrumb","itemListElement":[{"@type":"ListItem","position":1,"name":"Home","item":"https:\/\/knowalcohol.ca\/"},{"@type":"ListItem","position":2,"name":"Team"}]},{"@type":"WebSite","@id":"https:\/\/knowalcohol.ca\/#website","url":"https:\/\/knowalcohol.ca\/","name":"Know Alcohol","description":"University of Victoria CISUR","publisher":{"@id":"https:\/\/knowalcohol.ca\/#organization"},"potentialAction":[{"@type":"SearchAction","target":{"@type":"EntryPoint","urlTemplate":"https:\/\/knowalcohol.ca\/?s={search_term_string}"},"query-input":{"@type":"PropertyValueSpecification","valueRequired":true,"valueName":"search_term_string"}}],"inLanguage":"fr-CA"},{"@type":"Organization","@id":"https:\/\/knowalcohol.ca\/#organization","name":"Know Alcohol","url":"https:\/\/knowalcohol.ca\/","logo":{"@type":"ImageObject","inLanguage":"fr-CA","@id":"https:\/\/knowalcohol.ca\/#\/schema\/logo\/image\/","url":"https:\/\/knowalcohol.ca\/wp-content\/uploads\/2024\/04\/cropped-KA-Avatar.png","contentUrl":"https:\/\/knowalcohol.ca\/wp-content\/uploads\/2024\/04\/cropped-KA-Avatar.png","width":512,"height":512,"caption":"Know Alcohol"},"image":{"@id":"https:\/\/knowalcohol.ca\/#\/schema\/logo\/image\/"}}]}},"_links":{"self":[{"href":"https:\/\/knowalcohol.ca\/fr\/wp-json\/wp\/v2\/pages\/1304","targetHints":{"allow":["GET"]}}],"collection":[{"href":"https:\/\/knowalcohol.ca\/fr\/wp-json\/wp\/v2\/pages"}],"about":[{"href":"https:\/\/knowalcohol.ca\/fr\/wp-json\/wp\/v2\/types\/page"}],"author":[{"embeddable":true,"href":"https:\/\/knowalcohol.ca\/fr\/wp-json\/wp\/v2\/users\/1"}],"replies":[{"embeddable":true,"href":"https:\/\/knowalcohol.ca\/fr\/wp-json\/wp\/v2\/comments?post=1304"}],"version-history":[{"count":4,"href":"https:\/\/knowalcohol.ca\/fr\/wp-json\/wp\/v2\/pages\/1304\/revisions"}],"predecessor-version":[{"id":1320,"href":"https:\/\/knowalcohol.ca\/fr\/wp-json\/wp\/v2\/pages\/1304\/revisions\/1320"}],"wp:attachment":[{"href":"https:\/\/knowalcohol.ca\/fr\/wp-json\/wp\/v2\/media?parent=1304"}],"curies":[{"name":"wp","href":"https:\/\/api.w.org\/{rel}","templated":true}]}}