{"id":211,"date":"2024-05-16T13:00:39","date_gmt":"2024-05-16T20:00:39","guid":{"rendered":"https:\/\/knowalcohol.ca\/?page_id=211"},"modified":"2025-04-28T09:47:32","modified_gmt":"2025-04-28T16:47:32","slug":"impacts-of-alcohol","status":"publish","type":"page","link":"https:\/\/knowalcohol.ca\/fr\/impacts-of-alcohol\/","title":{"rendered":"Impacts of alcohol"},"content":{"rendered":"<section class=\"bde-section-211-100 bde-section bde-preset-4f2c580c-f52c-42b0-bd65-211829ff07bb\">\n              \n  \n  \n\t\n\n\n\n        <div class=\"section-shape-divider-wrapper section-shape-divider-wrapper--1\">\n          <span class=\"section-shape-divider\">\n                      <svg\n                xmlns=\"http:\/\/www.w3.org\/2000\/svg\"\n                viewbox=\"0 0 1440 320\"\n                preserveaspectratio=\"none\"\n            >\n              <path fill=\"currentColor\" fill-opacity=\"1\" d=\"M0,288L1440,0L1440,320L0,320Z\"><\/path>\n            <\/svg>\n                    <\/span>\n      <\/div>\n  <div class=\"section-container\"><h1 class=\"bde-heading-211-101 bde-heading\" data-entrance=\"fade\">\nL\u2019impact de l\u2019alcool\n<\/h1><\/div>\n<\/section><section class=\"bde-section-211-102 bde-section\">\n  \n  \n\t\n\n\n\n<div class=\"section-container\"><div class=\"bde-columns-211-103 bde-columns\"><div class=\"bde-column-211-104 bde-column\">\n  \n  \n\t\n\n\n\n<h2 class=\"bde-heading-211-106 bde-heading\" data-entrance=\"fade\">\nSur la sant\u00e9 physique\n<\/h2><div class=\"bde-image-211-107 bde-image\" data-entrance=\"zoomOut\">\n<figure class=\"breakdance-image breakdance-image--1210\">\n\t<div class=\"breakdance-image-container\">\n\t\t<div class=\"breakdance-image-clip\"><img decoding=\"async\" class=\"breakdance-image-object\" src=\"https:\/\/knowalcohol.ca\/wp-content\/uploads\/2025\/04\/heart-icon-blue.svg\" width=\"\" height=\"\" alt=\"heart icon\"><\/div>\n\t<\/div><\/figure>\n\n<\/div>\n<\/div><div class=\"bde-column-211-105 bde-column\">\n  \n  \n\t\n\n\n\n<div class=\"bde-rich-text-211-108 bde-rich-text breakdance-rich-text-styles\">\n<p>Boire de l\u2019alcool, m\u00eame en petite quantit\u00e9, peut nuire \u00e0 votre sant\u00e9. Plus vous consommez d\u2019alcool, plus vous augmentez votre risque de:<\/p>\n<\/div><ul class=\"bde-basic-list-211-136 bde-basic-list\">\n  <li class=\"translation-block\"  ><strong>Cancers,<\/strong> comme les cancers du sein, du foie, du c\u00f4lon, de l\u2019estomac, du pancr\u00e9as, de la prostate, de la bouche et de l\u2019\u0153sophage<\/li>\n  <li class=\"translation-block\"  ><strong>Maladies cardiovasculaires,<\/strong> comme les crises cardiaques, les accidents vasculaires c\u00e9r\u00e9braux (AVC), l\u2019insuffisance cardiaque et l\u2019hypertension art\u00e9rielle<\/li>\n  <li class=\"translation-block\"  ><strong>Probl\u00e8mes gastro-intestinaux,<\/strong> comme des atteintes au foie, au pancr\u00e9as et \u00e0 l\u2019estomac<\/li>\n  <li class=\"translation-block\"  ><strong>Troubles neurologiques,<\/strong> comme les convulsions, la d\u00e9mence, les troubles li\u00e9s \u00e0 l\u2019usage d\u2019alcool et les probl\u00e8mes de d\u00e9veloppement attribuables au trouble du spectre de l\u2019alcoolisation f\u0153tale<\/li>\n  <li class=\"translation-block\"  ><strong>Maladies infectieuses,<\/strong> comme la tuberculose<\/li>\n  <li class=\"translation-block\"  ><strong>Diab\u00e8te,<\/strong> y compris l\u2019aggravation d\u2019un diab\u00e8te existant<\/li>\n  <li class=\"translation-block\"  ><strong>Blessures,<\/strong> comme une chute, une noyade, un homicide ou un suicide<\/li>\n  <li class=\"translation-block\"  ><strong>Handicap,<\/strong> par exemple \u00e0 la suite de blessures ou de probl\u00e8mes de sant\u00e9 caus\u00e9s par l\u2019alcool<\/li>\n  <li  >    \n          <strong>Mort pr\u00e9matur\u00e9e<\/strong>  \n      <\/li>\n<\/ul><div class=\"bde-rich-text-211-137 bde-rich-text breakdance-rich-text-styles\">\n<p>C\u2019est pourquoi, si vous consommez de l\u2019alcool, il vaut mieux <a href=\"https:\/\/knowalcohol.ca\/fr\/benefits-of-drinking-less\/\">boire moins<\/a>. Essayez notre <a href=\"https:\/\/knowalcohol.ca\/fr\/calculator\/\">calculateur<\/a> pour conna\u00eetre les risques que l\u2019alcool pr\u00e9sente pour votre sant\u00e9. Notre calculateur vous permettra aussi de voir dans quelle mesure vous pouvez r\u00e9duire ces risques en consommant moins d\u2019alcool.<\/p><p>Si vous prenez des m\u00e9dicaments prescrits, la consommation d\u2019alcool peut interf\u00e9rer avec les effets recherch\u00e9s. En cons\u00e9quence, vous pourriez \u00eatre moins susceptible de prendre vos m\u00e9dicaments ou de les prendre \u00e0 temps. Demandez \u00e0 votre professionnel de la sant\u00e9 comment l\u2019alcool peut interagir avec vos m\u00e9dicaments ou votre \u00e9tat de sant\u00e9.<\/p>\n<\/div>\n<\/div><\/div><\/div>\n<\/section><section id=\"mental-health\" class=\"bde-section-211-109 bde-section\">\n              \n  \n  \n\t\n\n  <div class=\"section-background-overlay\"><\/div>\n\n\n        <div class=\"section-shape-divider-wrapper section-shape-divider-wrapper--1\">\n          <span class=\"section-shape-divider\">\n                      <svg\n                xmlns=\"http:\/\/www.w3.org\/2000\/svg\"\n                viewbox=\"0 0 1440 320\"\n                preserveaspectratio=\"none\"\n            >\n              <path d=\"m1440 176-218.331 87.333c-87.89 35.156-187.784 21.62-263.149-35.657l-116.67-88.67c-72.014-54.731-171.686-54.731-243.7 0l-116.67 88.67c-75.365 57.277-175.258 70.813-263.149 35.657L0 176v144h1440V176Z\" fill=\"currentColor\"\/>\n            <\/svg>\n                    <\/span>\n      <\/div>\n  <div class=\"section-container\"><div class=\"bde-columns-211-110 bde-columns\"><div class=\"bde-column-211-111 bde-column\">\n  \n  \n\t\n\n\n\n<h2 class=\"bde-heading-211-112 bde-heading\" data-entrance=\"fade\">\nSur la sant\u00e9 mentale\n<\/h2><div class=\"bde-image-211-113 bde-image\" data-entrance=\"zoomOut\">\n<figure class=\"breakdance-image breakdance-image--1211\">\n\t<div class=\"breakdance-image-container\">\n\t\t<div class=\"breakdance-image-clip\"><img decoding=\"async\" class=\"breakdance-image-object\" src=\"https:\/\/knowalcohol.ca\/wp-content\/uploads\/2025\/04\/mental-health-icon.svg\" width=\"\" height=\"\"><\/div>\n\t<\/div><\/figure>\n\n<\/div>\n<\/div><div class=\"bde-column-211-114 bde-column\">\n  \n  \n\t\n\n\n\n<div class=\"bde-rich-text-211-115 bde-rich-text breakdance-rich-text-styles\">\n<p>La consommation d\u2019alcool peut causer ou aggraver divers probl\u00e8mes de sant\u00e9 mentale, y compris la d\u00e9pression et l\u2019anxi\u00e9t\u00e9. Une <a href=\"https:\/\/knowalcohol.ca\/fr\/drinking-patterns\/#binge-drinking\">consommation excessive d\u2019alcool<\/a> et un <a href=\"https:\/\/knowalcohol.ca\/fr\/drinking-patterns\/#alcohol-use\">trouble li\u00e9 \u00e0 l\u2019usage d\u2019alcool<\/a> peuvent \u00e9galement augmenter ces risques.<\/p><p>La consommation d\u2019alcool peut aussi entra\u00eener des pens\u00e9es et des comportements suicidaires. \u00catre en <a href=\"https:\/\/knowalcohol.ca\/fr\/drinking-patterns\/\">intoxication<\/a> peut rendre une personne suicidaire moins stable \u00e9motionnellement et plus impulsive, ce qui peut mener \u00e0 des tentatives de suicide. Environ 25% des personnes qui se suicident sont en \u00e9tat d\u2019\u00e9bri\u00e9t\u00e9.\u00a0<\/p><p>Est-ce que vous ou un proche \u00eates affect\u00e9s par des probl\u00e8mes de sant\u00e9 mentale? Sachez que de l\u2019aide est disponible. Consultez nos <a href=\"https:\/\/knowalcohol.ca\/fr\/get-support\/\">ressources<\/a> pour obtenir de l\u2019aide.<\/p>\n<\/div>\n<\/div><\/div><\/div>\n<\/section><section id=\"quality-of-life\" class=\"bde-section-211-116 bde-section\">\n  \n  \n\t\n\n\n\n        <div class=\"section-shape-divider-wrapper section-shape-divider-wrapper--1\">\n          <span class=\"section-shape-divider\">\n                      <svg\n                xmlns=\"http:\/\/www.w3.org\/2000\/svg\"\n                viewbox=\"0 0 1440 320\"\n                preserveaspectratio=\"none\"\n            >\n              <path d=\"m1440 176-218.331 87.333c-87.89 35.156-187.784 21.62-263.149-35.657l-116.67-88.67c-72.014-54.731-171.686-54.731-243.7 0l-116.67 88.67c-75.365 57.277-175.258 70.813-263.149 35.657L0 176v144h1440V176Z\" fill=\"currentColor\"\/>\n            <\/svg>\n                    <\/span>\n      <\/div>\n  <div class=\"section-container\"><div class=\"bde-columns-211-117 bde-columns\"><div class=\"bde-column-211-118 bde-column\">\n  \n  \n\t\n\n\n\n<h2 class=\"bde-heading-211-119 bde-heading\" data-entrance=\"fade\">\nSur la qualit\u00e9 de vie\n<\/h2><div class=\"bde-image-211-120 bde-image\" data-entrance=\"zoomOut\">\n<figure class=\"breakdance-image breakdance-image--1212\">\n\t<div class=\"breakdance-image-container\">\n\t\t<div class=\"breakdance-image-clip\"><img decoding=\"async\" class=\"breakdance-image-object\" src=\"https:\/\/knowalcohol.ca\/wp-content\/uploads\/2025\/04\/life-icon-blue.svg\" width=\"\" height=\"\" alt=\"life icon\"><\/div>\n\t<\/div><\/figure>\n\n<\/div>\n<\/div><div class=\"bde-column-211-121 bde-column\">\n  \n  \n\t\n\n\n\n<div class=\"bde-rich-text-211-122 bde-rich-text breakdance-rich-text-styles\">\n<p>Plus vous consommez d\u2019alcool et plus vous le faites souvent, plus les effets n\u00e9gatifs commenceront \u00e0 l\u2019emporter sur les effets positifs.<\/p><h3>Le sommeil<\/h3><p>Prendre de l\u2019alcool peut vous aider \u00e0 vous endormir, mais cela peut aussi provoquer des r\u00e9veils fr\u00e9quents et un sommeil fragment\u00e9 de mauvaise qualit\u00e9. Ce rythme de sommeil peut avoir des effets n\u00e9fastes sur votre sant\u00e9 et votre bien-\u00eatre. <br><br>\n\nSi vous ronflez ou souffrez d\u2019apn\u00e9e du sommeil, la consommation d\u2019alcool peut aggraver vos sympt\u00f4mes. Une <a href=\"https:\/\/knowalcohol.ca\/fr\/drinking-patterns\/#binge-drinking\">consommation excessive d\u2019alcool<\/a> peut \u00e9galement causer des troubles du sommeil, dont l\u2019insomnie.<\/p><h3>Sexe<\/h3><p>Boire un peu d\u2019alcool peut augmenter votre d\u00e9sir sexuel. Cependant, prendre beaucoup d\u2019alcool peut avoir l\u2019effet contraire. L\u2019alcool peut diminuer la vigilance, la sensibilit\u00e9 et l\u2019excitation pendant les rapports sexuels. Il peut alors \u00eatre plus difficile de maintenir une lubrification naturelle ou une \u00e9rection. L\u2019orgasme peut aussi \u00eatre plus difficile \u00e0 atteindre. Une consommation excessive d\u2019alcool \u00e0 long terme peut \u00e9galement causer une dysfonction \u00e9rectile et des probl\u00e8mes de <a href=\"https:\/\/knowalcohol.ca\/fr\/pregnancy\/\">fertilit\u00e9.<\/a> <br><br>\n\nLa consommation d\u2019alcool alt\u00e8re aussi le jugement. Ainsi, vous \u00eates plus susceptible d\u2019avoir des rapports sexuels non prot\u00e9g\u00e9s lorsque vous prenez de l\u2019alcool. Des rapports sexuels non prot\u00e9g\u00e9s peuvent entra\u00eener des infections sexuellement transmissibles (ITS) et des grossesses non planifi\u00e9es. La consommation d\u2019alcool peut \u00e9galement \u00eatre \u00e0 l\u2019origine de violences sexuelles. Si vous avez des inqui\u00e9tudes au sujet de votre sant\u00e9 sexuelle, parlez-en \u00e0 votre professionnel de la sant\u00e9.<\/p>\n<\/div><div id=\"money\" class=\"bde-rich-text-211-139 bde-rich-text breakdance-rich-text-styles\">\n<h3>L\u2019argent<\/h3><p>Boire de l\u2019alcool peut temporairement vous remonter le moral, mais l\u2019alcool peut aussi peser lourd sur vos finances. L\u2019alcool est relativement cher, surtout dans les bars et les restaurants. Prendre de l\u2019alcool peut \u00e9galement entra\u00eener d\u2019autres co\u00fbts, comme les achats impulsifs, les d\u00e9penses de taxis, les s\u00e9jours \u00e0 l\u2019h\u00f4tel ou les cong\u00e9s de maladie. <br><br>\n\nSavez-vous combien vous co\u00fbte votre consommation d\u2019alcool? Utilisez notre <a href=\"https:\/\/knowalcohol.ca\/fr\/calculator\/\">calculateur<\/a> et d\u00e9couvrez combien vous pourriez \u00e9conomiser en buvant moins d\u2019alcool.<\/p>\n<\/div><div id=\"relationships\" class=\"bde-rich-text-211-140 bde-rich-text breakdance-rich-text-styles\">\n<h3>Les relations<\/h3><p>Prendre un verre peut vous aider \u00e0 vous d\u00e9tendre, \u00e0 c\u00e9l\u00e9brer et \u00e0 socialiser avec les autres. Cependant, le fait de consommer 2 <a href=\"https:\/\/knowalcohol.ca\/fr\/standard-drinks\/\">verres standards<\/a> ou plus pendant une occasion peut causer une perte d\u2019inhibitions et une agressivit\u00e9 accrue. Prendre de l\u2019alcool peut vous rendre plus susceptible de dire ou de faire quelque chose que vous pourriez regretter plus tard. <br><br>\n\nSi vous buvez de mani\u00e8re excessive, vous pourriez n\u00e9gliger votre partenaire de vie, vos amis ou les membres de votre famille. Lorsqu\u2019une personne continue de boire de l\u2019alcool de fa\u00e7on excessive malgr\u00e9 des probl\u00e8mes interpersonnels, ce peut \u00eatre le signe d\u2019un <a href=\"https:\/\/knowalcohol.ca\/fr\/drinking-patterns\/#alcohol-use\">trouble li\u00e9 \u00e0 l\u2019usage d\u2019alcool<\/a>.<\/p>\n<\/div>\n<\/div><\/div><\/div>\n<\/section>","protected":false},"excerpt":{"rendered":"<p>Alcohol&#8217;s Impacts Physical Health Drinking alcohol, even a little bit, can damage your health. The more alcohol you drink, the greater your risk of: Cancers (e.g., breast, liver, colon, stomach, pancreatic, prostate, oral, and esophageal cancer) Cardiovascular diseases (e.g., heart attacks, stroke, heart failure, high blood pressure) Gastrointestinal problems (e.g., damage to the liver, pancreas, [&hellip;]<\/p>\n","protected":false},"author":1,"featured_media":0,"parent":0,"menu_order":0,"comment_status":"closed","ping_status":"closed","template":"","meta":{"_breakdance_hide_in_design_set":false,"_breakdance_tags":"","footnotes":""},"class_list":["post-211","page","type-page","status-publish","hentry"],"yoast_head":"<!-- This site is optimized with the Yoast SEO plugin v27.4 - https:\/\/yoast.com\/product\/yoast-seo-wordpress\/ -->\n<title>Impacts of alcohol - Know Alcohol<\/title>\n<meta name=\"robots\" content=\"index, follow, max-snippet:-1, max-image-preview:large, max-video-preview:-1\" \/>\n<link rel=\"canonical\" href=\"https:\/\/knowalcohol.ca\/fr\/impacts-of-alcohol\/\" \/>\n<meta property=\"og:locale\" content=\"fr_CA\" \/>\n<meta property=\"og:type\" content=\"article\" \/>\n<meta property=\"og:title\" content=\"Impacts of alcohol - Know Alcohol\" \/>\n<meta property=\"og:description\" content=\"Alcohol&#039;s Impacts Physical Health Drinking alcohol, even a little bit, can damage your health. The more alcohol you drink, the greater your risk of: Cancers (e.g., breast, liver, colon, stomach, pancreatic, prostate, oral, and esophageal cancer) Cardiovascular diseases (e.g., heart attacks, stroke, heart failure, high blood pressure) Gastrointestinal problems (e.g., damage to the liver, pancreas, [&hellip;]\" \/>\n<meta property=\"og:url\" content=\"https:\/\/knowalcohol.ca\/fr\/impacts-of-alcohol\/\" \/>\n<meta property=\"og:site_name\" content=\"Know Alcohol\" \/>\n<meta property=\"article:modified_time\" content=\"2025-04-28T16:47:32+00:00\" \/>\n<meta property=\"og:image\" content=\"https:\/\/knowalcohol.ca\/wp-content\/uploads\/2026\/03\/know-alcohol.png\" \/>\n\t<meta property=\"og:image:width\" content=\"1200\" \/>\n\t<meta property=\"og:image:height\" content=\"675\" \/>\n\t<meta property=\"og:image:type\" content=\"image\/png\" \/>\n<meta name=\"twitter:card\" content=\"summary_large_image\" \/>\n<meta name=\"twitter:label1\" content=\"Estimation du temps de lecture\" \/>\n\t<meta name=\"twitter:data1\" content=\"4 minutes\" \/>\n<script type=\"application\/ld+json\" class=\"yoast-schema-graph\">{\"@context\":\"https:\\\/\\\/schema.org\",\"@graph\":[{\"@type\":\"WebPage\",\"@id\":\"https:\\\/\\\/knowalcohol.ca\\\/impacts-of-alcohol\\\/\",\"url\":\"https:\\\/\\\/knowalcohol.ca\\\/impacts-of-alcohol\\\/\",\"name\":\"Impacts of alcohol - Know Alcohol\",\"isPartOf\":{\"@id\":\"https:\\\/\\\/knowalcohol.ca\\\/#website\"},\"datePublished\":\"2024-05-16T20:00:39+00:00\",\"dateModified\":\"2025-04-28T16:47:32+00:00\",\"breadcrumb\":{\"@id\":\"https:\\\/\\\/knowalcohol.ca\\\/impacts-of-alcohol\\\/#breadcrumb\"},\"inLanguage\":\"fr-CA\",\"potentialAction\":[{\"@type\":\"ReadAction\",\"target\":[\"https:\\\/\\\/knowalcohol.ca\\\/impacts-of-alcohol\\\/\"]}]},{\"@type\":\"BreadcrumbList\",\"@id\":\"https:\\\/\\\/knowalcohol.ca\\\/impacts-of-alcohol\\\/#breadcrumb\",\"itemListElement\":[{\"@type\":\"ListItem\",\"position\":1,\"name\":\"Home\",\"item\":\"https:\\\/\\\/knowalcohol.ca\\\/\"},{\"@type\":\"ListItem\",\"position\":2,\"name\":\"Impacts of alcohol\"}]},{\"@type\":\"WebSite\",\"@id\":\"https:\\\/\\\/knowalcohol.ca\\\/#website\",\"url\":\"https:\\\/\\\/knowalcohol.ca\\\/\",\"name\":\"Know Alcohol\",\"description\":\"University of Victoria CISUR\",\"publisher\":{\"@id\":\"https:\\\/\\\/knowalcohol.ca\\\/#organization\"},\"potentialAction\":[{\"@type\":\"SearchAction\",\"target\":{\"@type\":\"EntryPoint\",\"urlTemplate\":\"https:\\\/\\\/knowalcohol.ca\\\/?s={search_term_string}\"},\"query-input\":{\"@type\":\"PropertyValueSpecification\",\"valueRequired\":true,\"valueName\":\"search_term_string\"}}],\"inLanguage\":\"fr-CA\"},{\"@type\":\"Organization\",\"@id\":\"https:\\\/\\\/knowalcohol.ca\\\/#organization\",\"name\":\"Know Alcohol\",\"url\":\"https:\\\/\\\/knowalcohol.ca\\\/\",\"logo\":{\"@type\":\"ImageObject\",\"inLanguage\":\"fr-CA\",\"@id\":\"https:\\\/\\\/knowalcohol.ca\\\/#\\\/schema\\\/logo\\\/image\\\/\",\"url\":\"https:\\\/\\\/knowalcohol.ca\\\/wp-content\\\/uploads\\\/2024\\\/04\\\/cropped-KA-Avatar.png\",\"contentUrl\":\"https:\\\/\\\/knowalcohol.ca\\\/wp-content\\\/uploads\\\/2024\\\/04\\\/cropped-KA-Avatar.png\",\"width\":512,\"height\":512,\"caption\":\"Know Alcohol\"},\"image\":{\"@id\":\"https:\\\/\\\/knowalcohol.ca\\\/#\\\/schema\\\/logo\\\/image\\\/\"}}]}<\/script>\n<!-- \/ Yoast SEO plugin. -->","yoast_head_json":{"title":"Impacts of alcohol - Know Alcohol","robots":{"index":"index","follow":"follow","max-snippet":"max-snippet:-1","max-image-preview":"max-image-preview:large","max-video-preview":"max-video-preview:-1"},"canonical":"https:\/\/knowalcohol.ca\/fr\/impacts-of-alcohol\/","og_locale":"fr_CA","og_type":"article","og_title":"Impacts of alcohol - Know Alcohol","og_description":"Alcohol's Impacts Physical Health Drinking alcohol, even a little bit, can damage your health. The more alcohol you drink, the greater your risk of: Cancers (e.g., breast, liver, colon, stomach, pancreatic, prostate, oral, and esophageal cancer) Cardiovascular diseases (e.g., heart attacks, stroke, heart failure, high blood pressure) Gastrointestinal problems (e.g., damage to the liver, pancreas, [&hellip;]","og_url":"https:\/\/knowalcohol.ca\/fr\/impacts-of-alcohol\/","og_site_name":"Know Alcohol","article_modified_time":"2025-04-28T16:47:32+00:00","og_image":[{"width":1200,"height":675,"url":"https:\/\/knowalcohol.ca\/wp-content\/uploads\/2026\/03\/know-alcohol.png","type":"image\/png"}],"twitter_card":"summary_large_image","twitter_misc":{"Estimation du temps de lecture":"4 minutes"},"schema":{"@context":"https:\/\/schema.org","@graph":[{"@type":"WebPage","@id":"https:\/\/knowalcohol.ca\/impacts-of-alcohol\/","url":"https:\/\/knowalcohol.ca\/impacts-of-alcohol\/","name":"Impacts of alcohol - Know Alcohol","isPartOf":{"@id":"https:\/\/knowalcohol.ca\/#website"},"datePublished":"2024-05-16T20:00:39+00:00","dateModified":"2025-04-28T16:47:32+00:00","breadcrumb":{"@id":"https:\/\/knowalcohol.ca\/impacts-of-alcohol\/#breadcrumb"},"inLanguage":"fr-CA","potentialAction":[{"@type":"ReadAction","target":["https:\/\/knowalcohol.ca\/impacts-of-alcohol\/"]}]},{"@type":"BreadcrumbList","@id":"https:\/\/knowalcohol.ca\/impacts-of-alcohol\/#breadcrumb","itemListElement":[{"@type":"ListItem","position":1,"name":"Home","item":"https:\/\/knowalcohol.ca\/"},{"@type":"ListItem","position":2,"name":"Impacts of alcohol"}]},{"@type":"WebSite","@id":"https:\/\/knowalcohol.ca\/#website","url":"https:\/\/knowalcohol.ca\/","name":"Know Alcohol","description":"University of Victoria CISUR","publisher":{"@id":"https:\/\/knowalcohol.ca\/#organization"},"potentialAction":[{"@type":"SearchAction","target":{"@type":"EntryPoint","urlTemplate":"https:\/\/knowalcohol.ca\/?s={search_term_string}"},"query-input":{"@type":"PropertyValueSpecification","valueRequired":true,"valueName":"search_term_string"}}],"inLanguage":"fr-CA"},{"@type":"Organization","@id":"https:\/\/knowalcohol.ca\/#organization","name":"Know Alcohol","url":"https:\/\/knowalcohol.ca\/","logo":{"@type":"ImageObject","inLanguage":"fr-CA","@id":"https:\/\/knowalcohol.ca\/#\/schema\/logo\/image\/","url":"https:\/\/knowalcohol.ca\/wp-content\/uploads\/2024\/04\/cropped-KA-Avatar.png","contentUrl":"https:\/\/knowalcohol.ca\/wp-content\/uploads\/2024\/04\/cropped-KA-Avatar.png","width":512,"height":512,"caption":"Know Alcohol"},"image":{"@id":"https:\/\/knowalcohol.ca\/#\/schema\/logo\/image\/"}}]}},"_links":{"self":[{"href":"https:\/\/knowalcohol.ca\/fr\/wp-json\/wp\/v2\/pages\/211","targetHints":{"allow":["GET"]}}],"collection":[{"href":"https:\/\/knowalcohol.ca\/fr\/wp-json\/wp\/v2\/pages"}],"about":[{"href":"https:\/\/knowalcohol.ca\/fr\/wp-json\/wp\/v2\/types\/page"}],"author":[{"embeddable":true,"href":"https:\/\/knowalcohol.ca\/fr\/wp-json\/wp\/v2\/users\/1"}],"replies":[{"embeddable":true,"href":"https:\/\/knowalcohol.ca\/fr\/wp-json\/wp\/v2\/comments?post=211"}],"version-history":[{"count":2,"href":"https:\/\/knowalcohol.ca\/fr\/wp-json\/wp\/v2\/pages\/211\/revisions"}],"predecessor-version":[{"id":1213,"href":"https:\/\/knowalcohol.ca\/fr\/wp-json\/wp\/v2\/pages\/211\/revisions\/1213"}],"wp:attachment":[{"href":"https:\/\/knowalcohol.ca\/fr\/wp-json\/wp\/v2\/media?parent=211"}],"curies":[{"name":"wp","href":"https:\/\/api.w.org\/{rel}","templated":true}]}}