{"id":585,"date":"2024-06-20T11:01:00","date_gmt":"2024-06-20T18:01:00","guid":{"rendered":"https:\/\/knowalcohol.ca\/?page_id=585"},"modified":"2025-04-28T10:01:49","modified_gmt":"2025-04-28T17:01:49","slug":"people","status":"publish","type":"page","link":"https:\/\/knowalcohol.ca\/fr\/people\/","title":{"rendered":"Les groupes de la population"},"content":{"rendered":"<section class=\"bde-section-585-100 bde-section bde-preset-4f2c580c-f52c-42b0-bd65-211829ff07bb\">\n              \n  \n  \n\t\n\n\n\n        <div class=\"section-shape-divider-wrapper section-shape-divider-wrapper--1\">\n          <span class=\"section-shape-divider\">\n                      <svg\n                xmlns=\"http:\/\/www.w3.org\/2000\/svg\"\n                viewbox=\"0 0 1440 320\"\n                preserveaspectratio=\"none\"\n            >\n              <path fill=\"currentColor\" fill-opacity=\"1\" d=\"M0,288L1440,0L1440,320L0,320Z\"><\/path>\n            <\/svg>\n                    <\/span>\n      <\/div>\n  <div class=\"section-container\"><h1 class=\"bde-heading-585-101 bde-heading\" data-entrance=\"fade\">\nLes groupes de la population\n<\/h1><\/div>\n<\/section><section class=\"bde-section-585-102 bde-section\">\n  \n  \n\t\n\n\n\n<div class=\"section-container\"><div class=\"bde-rich-text-585-138 bde-rich-text breakdance-rich-text-styles\">\n<div><p class=\"paragraph\"><span class=\"normaltextrun\"><span lang=\"EN-US\">La consommation d\u2019alcool touche tout le monde. Quel est son impact sur vous et vos proches?<\/span><\/span><b><\/b><\/p><\/div>\n<\/div><div class=\"bde-code-block-585-164 bde-code-block\">\n\n\n\n<\/div><div class=\"bde-columns-585-103 bde-columns\"><div class=\"bde-column-585-104 bde-column\">\n  \n  \n\t\n\n\n\n<h2 class=\"bde-heading-585-106 bde-heading\" data-entrance=\"fade\">\nLes hommes\n<\/h2><div class=\"bde-image-585-165 bde-image\" data-entrance=\"zoomOut\">\n<figure class=\"breakdance-image breakdance-image--1219\">\n\t<div class=\"breakdance-image-container\">\n\t\t<div class=\"breakdance-image-clip\"><img decoding=\"async\" class=\"breakdance-image-object\" src=\"https:\/\/knowalcohol.ca\/wp-content\/uploads\/2025\/04\/person-duotone.svg\" width=\"\" height=\"\" alt=\"male icon\"><\/div>\n\t<\/div><\/figure>\n\n<\/div>\n<\/div><div class=\"bde-column-585-105 bde-column\">\n  \n  \n\t\n\n\n\n<div class=\"bde-rich-text-585-137 bde-rich-text breakdance-rich-text-styles\">\n<ul><li>Par rapport aux femmes, les hommes ont tendance \u00e0 consommer plus d\u2019alcool et \u00e0 prendre plus de risques lorsqu\u2019ils boivent, par exemple \u00e0 m\u00e9langer de l\u2019alcool avec des drogues ou \u00e0 conduire alors qu\u2019ils sont <a href=\"https:\/\/knowalcohol.ca\/fr\/drinking-patterns\/\">intoxication<\/a>. Ils sont aussi plus susceptibles de <a href=\"https:\/\/knowalcohol.ca\/fr\/drinking-patterns\/#binge-drinking\">consommer de l\u2019alcool de fa\u00e7on excessive<\/a>, de d\u00e9velopper un <a href=\"https:\/\/knowalcohol.ca\/fr\/drinking-patterns\/#alcohol-use\">trouble li\u00e9 \u00e0 l\u2019usage d\u2019alcool<\/a>&nbsp;et de commettre des violences li\u00e9es \u00e0 l\u2019alcool.<\/li><\/ul>\n<\/div><div class=\"bde-rich-text-585-171 bde-rich-text breakdance-rich-text-styles\">\n<ul><li>Les hommes repr\u00e9sentent environ 75% des d\u00e9c\u00e8s caus\u00e9s par l\u2019alcool au Canada.<\/li><\/ul>\n<\/div><div class=\"bde-rich-text-585-172 bde-rich-text breakdance-rich-text-styles\">\n<ul><li>Les hommes sont \u00e0 l\u2019origine de la plupart des <a href=\"\/fr\/.\/benefits-of-drinking-less\/#harms\">cons\u00e9quences n\u00e9gatives<\/a> li\u00e9es \u00e0 l\u2019alcool qui affectent d\u2019autres personnes qu\u2019eux-m\u00eames.<\/li><\/ul>\n<\/div>\n<\/div><\/div><\/div>\n<\/section><section class=\"bde-section-585-109 bde-section\">\n              \n  \n  \n\t\n\n  <div class=\"section-background-overlay\"><\/div>\n\n\n<div class=\"section-container\"><div class=\"bde-columns-585-110 bde-columns\"><div class=\"bde-column-585-111 bde-column\">\n  \n  \n\t\n\n\n\n<h2 class=\"bde-heading-585-112 bde-heading\" data-entrance=\"fade\">\nLes femmes\n<\/h2><div class=\"bde-image-585-166 bde-image\" data-entrance=\"zoomOut\">\n<figure class=\"breakdance-image breakdance-image--1220\">\n\t<div class=\"breakdance-image-container\">\n\t\t<div class=\"breakdance-image-clip\"><img decoding=\"async\" class=\"breakdance-image-object\" src=\"https:\/\/knowalcohol.ca\/wp-content\/uploads\/2025\/04\/person-dress-duotone.svg\" width=\"\" height=\"\" alt=\"female icon\"><\/div>\n\t<\/div><\/figure>\n\n<\/div>\n<\/div><div class=\"bde-column-585-114 bde-column\">\n  \n  \n\t\n\n\n\n<div class=\"bde-rich-text-585-115 bde-rich-text breakdance-rich-text-styles\">\n<ul><li>Par rapport aux hommes, lorsque les femmes boivent de l\u2019alcool, elles s\u2019exposent \u00e0 davantage de <a href=\"https:\/\/knowalcohol.ca\/fr\/impacts-of-alcohol\/\">risques pour leur sant\u00e9,<\/a> &nbsp;par exemple \u00e0 un risque d\u2019atteintes h\u00e9patiques ou de cancer. Ces risques sont pr\u00e9sents, quel que soit le niveau de consommation, mais surtout au-del\u00e0 de 6 verres standards par semaine. La raison pour laquelle ces risques sont plus \u00e9lev\u00e9s chez les femmes est que celles-ci ont tendance \u00e0 \u00eatre de plus petits poids que les hommes et \u00e0 m\u00e9taboliser l\u2019alcool plus lentement qu\u2019eux.<\/li><\/ul>\n<\/div><div class=\"bde-rich-text-585-173 bde-rich-text breakdance-rich-text-styles\">\n<ul><li>Par rapport aux hommes, les femmes subissent davantage les cons\u00e9quences secondaires de la consommation d\u2019alcool, c\u2019est-\u00e0-dire les <a href=\"\/fr\/.\/benefits-of-drinking-less\/#harms\">cons\u00e9quences n\u00e9gatives<\/a> qui affectent d\u2019autres personnes que celle qui boit, y compris les agressions sexuelles et la violence interpersonnelle.<\/li><\/ul>\n<\/div><div class=\"bde-rich-text-585-174 bde-rich-text breakdance-rich-text-styles\">\n<p>Vous demandez-vous quels sont les risques pour votre sant\u00e9 li\u00e9s \u00e0 la consommation d\u2019alcool? Utilisez notre\u00a0<a href=\"https:\/\/knowalcohol.ca\/fr\/calculator\/\">calculateur<\/a>\u00a0pour le savoir.<\/p>\n<\/div>\n<\/div><\/div><\/div>\n<\/section><section id=\"youth\" class=\"bde-section-585-139 bde-section\">\n              \n  \n  \n\t\n\n  <div class=\"section-background-overlay\"><\/div>\n\n\n<div class=\"section-container\"><div class=\"bde-columns-585-140 bde-columns\"><div class=\"bde-column-585-141 bde-column\">\n  \n  \n\t\n\n\n\n<h2 class=\"bde-heading-585-142 bde-heading\" data-entrance=\"fade\">\nLes jeunes de 15 \u00e0 24 ans\n<\/h2><div class=\"bde-image-585-167 bde-image\" data-entrance=\"zoomOut\">\n<figure class=\"breakdance-image breakdance-image--1221\">\n\t<div class=\"breakdance-image-container\">\n\t\t<div class=\"breakdance-image-clip\"><img decoding=\"async\" class=\"breakdance-image-object\" src=\"https:\/\/knowalcohol.ca\/wp-content\/uploads\/2025\/04\/family-duotone-2.svg\" width=\"\" height=\"\" alt=\"family icon\"><\/div>\n\t<\/div><\/figure>\n\n<\/div>\n<\/div><div class=\"bde-column-585-143 bde-column\">\n  \n  \n\t\n\n\n\n<div class=\"bde-rich-text-585-144 bde-rich-text breakdance-rich-text-styles\">\n<ul><li>Par rapport aux adultes, les jeunes sont expos\u00e9s \u00e0 un risque plus \u00e9lev\u00e9 de <a href=\"\/fr\/.\/benefits-of-drinking-less\/#harms\">risques li\u00e9s \u00e0 la consommation d\u2019alcool<\/a> li\u00e9s \u00e0 la consommation d\u2019alcool, et ce, que ce soit \u00e0 quantit\u00e9 \u00e9gale, mais en particulier lors d\u2019un \u00e9pisode de consommation excessive. En effet, les jeunes <a href=\"https:\/\/knowalcohol.ca\/fr\/drinking-patterns\/\">intoxication<\/a> plus rapidement et d\u00e9montrent g\u00e9n\u00e9ralement plus d\u2019impulsivit\u00e9 et d\u2019immaturit\u00e9 \u00e9motionnelle. De plus, ils ont moins d\u2019exp\u00e9rience avec des activit\u00e9s qui peuvent \u00eatre dangereuses \u00e0 r\u00e9aliser en \u00e9tat d\u2019\u00e9bri\u00e9t\u00e9, comme conduire ou nager.<\/li><\/ul>\n<\/div><div class=\"bde-rich-text-585-175 bde-rich-text breakdance-rich-text-styles\">\n<ul><li>Les jeunes consomment la plus grande partie de leur alcool <a href=\"https:\/\/knowalcohol.ca\/fr\/drinking-patterns\/#binge-drinking\">consommation excessive<\/a>. Ce mode de consommation augmente le risque de blessures, d\u2019agressions, de violence dans les relations amoureuses, de probl\u00e8mes scolaires et de grossesses non planifi\u00e9es.<\/li><\/ul>\n<\/div><div class=\"bde-rich-text-585-176 bde-rich-text breakdance-rich-text-styles\">\n<ul><li>Les jeunes devraient attendre le plus longtemps possible avant de commencer \u00e0 consommer de l\u2019alcool. En effet, plus on commence t\u00f4t \u00e0 prendre de l\u2019alcool, plus on risque de consommer de fa\u00e7on excessive et d\u2019avoir des probl\u00e8mes d\u2019alcool \u00e0 l\u2019\u00e2ge adulte.<\/li><\/ul>\n<\/div><div class=\"bde-rich-text-585-177 bde-rich-text breakdance-rich-text-styles\">\n<p>C\u00f4toyez-vous des personnes \u00e2g\u00e9es de 15 \u00e0 24 ans? Si c\u2019est le cas, parler de l\u2019alcool avec elles est conseill\u00e9, mais leur servir de l\u2019alcool ne l\u2019est pas.<\/p><p>Comment vous consommez l\u2019alcool est plus important que ce que vous dites sur le sujet. Votre comportement vis-\u00e0-vis de l\u2019alcool est la principale influence sur les habitudes de consommation des jeunes de votre entourage.<\/p>\n<\/div>\n<\/div><\/div><\/div>\n<\/section><section class=\"bde-section-585-145 bde-section\">\n              \n  \n  \n\t\n\n  <div class=\"section-background-overlay\"><\/div>\n\n\n<div class=\"section-container\"><div class=\"bde-columns-585-146 bde-columns\"><div class=\"bde-column-585-147 bde-column\">\n  \n  \n\t\n\n\n\n<h2 class=\"bde-heading-585-148 bde-heading\" data-entrance=\"fade\">\nLes groupes marginalis\u00e9s\n<\/h2><div class=\"bde-image-585-168 bde-image\" data-entrance=\"zoomOut\">\n<figure class=\"breakdance-image breakdance-image--1222\">\n\t<div class=\"breakdance-image-container\">\n\t\t<div class=\"breakdance-image-clip\"><img decoding=\"async\" class=\"breakdance-image-object\" src=\"https:\/\/knowalcohol.ca\/wp-content\/uploads\/2025\/04\/users-duotone.svg\" width=\"\" height=\"\" alt=\"people icon\"><\/div>\n\t<\/div><\/figure>\n\n<\/div>\n<\/div><div class=\"bde-column-585-149 bde-column\">\n  \n  \n\t\n\n\n\n<div class=\"bde-rich-text-585-150 bde-rich-text breakdance-rich-text-styles\">\n<p>Peu d\u2019\u00e9tudes sont r\u00e9alis\u00e9es sur la consommation d\u2019alcool et son impact sur les groupes marginalis\u00e9s, comme les peuples autochtones, les minorit\u00e9s ethniques, les minorit\u00e9s sexuelles et de genre ainsi que les personnes \u00e2g\u00e9es. Les communaut\u00e9s autochtones, en particulier, connaissent des taux disproportionn\u00e9s de consommation d\u2019alcool et de probl\u00e8mes li\u00e9s \u00e0 la consommation. Ces taux d\u00e9coulent en partie des r\u00e9percussions historiques de la colonisation, de la violence de l\u2019\u00c9tat et des traumatismes qui se sont transmis de g\u00e9n\u00e9ration en g\u00e9n\u00e9ration.<\/p><p>Au fur et \u00e0 mesure que de nouvelles recherches para\u00eetront, il sera important de r\u00e9\u00e9valuer et d\u2019aborder les r\u00e9percussions de la consommation d\u2019alcool sur ces groupes. Il sera aussi important de collaborer avec les communaut\u00e9s autochtones afin de promouvoir des approches de gu\u00e9rison et de bien-\u00eatre adapt\u00e9es aux diff\u00e9rentes cultures.\u00a0<\/p>\n<\/div>\n<\/div><\/div><\/div>\n<\/section><section class=\"bde-section-585-151 bde-section\">\n              \n  \n  \n\t\n\n  <div class=\"section-background-overlay\"><\/div>\n\n\n<div class=\"section-container\"><div class=\"bde-columns-585-152 bde-columns\"><div class=\"bde-column-585-153 bde-column\">\n  \n  \n\t\n\n\n\n<h2 class=\"bde-heading-585-154 bde-heading\" data-entrance=\"fade\">\nLa population canadienne\n<\/h2><div class=\"bde-image-585-169 bde-image\" data-entrance=\"zoomOut\">\n<figure class=\"breakdance-image breakdance-image--1223\">\n\t<div class=\"breakdance-image-container\">\n\t\t<div class=\"breakdance-image-clip\"><img decoding=\"async\" class=\"breakdance-image-object\" src=\"https:\/\/knowalcohol.ca\/wp-content\/uploads\/2025\/04\/leaf-maple-duotone.svg\" width=\"\" height=\"\" alt=\"canada icon\"><\/div>\n\t<\/div><\/figure>\n\n<\/div>\n<\/div><div class=\"bde-column-585-155 bde-column\">\n  \n  \n\t\n\n\n\n<div class=\"bde-rich-text-585-156 bde-rich-text breakdance-rich-text-styles\">\n<p><strong>Le saviez-vous?<\/strong> L\u2019alcool est \u00e0 l\u2019origine de la plupart des co\u00fbts \u00e9conomiques et des probl\u00e8mes li\u00e9s \u00e0 la consommation de substances au Canada, plus que le tabac, les opio\u00efdes ou le cannabis.<\/p><p>Au Canada, l\u2019alcool est \u00e0 l\u2019origine de:<\/p>\n<\/div><div class=\"bde-rich-text-585-158 bde-rich-text breakdance-rich-text-styles\">\n<ul><li><strong>17,000<\/strong> d\u00e9c\u00e8s chaque ann\u00e9e. C\u2019est plus que le nombre de personnes qui meurent de surdoses d\u2019opio\u00efdes.<\/li><\/ul>\n<\/div><div class=\"bde-rich-text-585-178 bde-rich-text breakdance-rich-text-styles\">\n<ul><li><strong>500,000<\/strong>\u00a0visites \u00e0 l\u2019h\u00f4pital chaque ann\u00e9e<\/li><\/ul>\n<\/div><div class=\"bde-rich-text-585-179 bde-rich-text breakdance-rich-text-styles\">\n<ul><li><strong>19 milliards de dollars<\/strong> pay\u00e9s chaque ann\u00e9e par les contribuables, soit environ 30 cents par verre, sous la forme de:<\/li><\/ul>\n<\/div><div class=\"bde-rich-text-585-159 bde-rich-text breakdance-rich-text-styles\">\n<ul><li><strong>Frais de sant\u00e9,<\/strong>\u00a0&nbsp;par exemple, pour les services param\u00e9dicaux, les visites aux urgences, les hospitalisations et les traitements<\/li><\/ul>\n<\/div><div class=\"bde-rich-text-585-180 bde-rich-text breakdance-rich-text-styles\">\n<ul><li><strong>Frais de justice p\u00e9nale,<\/strong>\u00a0&nbsp;par exemple pour les services de police, le tribunal et les services correctionnels<\/li><\/ul>\n<\/div><div class=\"bde-rich-text-585-181 bde-rich-text breakdance-rich-text-styles\">\n<ul><li><strong>Co\u00fbts li\u00e9s \u00e0 la perte de productivit\u00e9,<\/strong>\u00a0&nbsp;par exemple, pour l\u2019absent\u00e9isme, l\u2019invalidit\u00e9 de courte et longue dur\u00e9e, les d\u00e9c\u00e8s pr\u00e9matur\u00e9s<\/li><\/ul>\n<\/div><div class=\"bde-rich-text-585-182 bde-rich-text breakdance-rich-text-styles\">\n<ul><li><strong>Co\u00fbts divers, <\/strong>&nbsp;comme les dommages mat\u00e9riels<\/li><\/ul>\n<\/div><div class=\"bde-rich-text-585-160 bde-rich-text breakdance-rich-text-styles\">\n<p>Les personnes souffrant d\u2019un <a href=\"https:\/\/knowalcohol.ca\/fr\/drinking-patterns\/#alcohol-use\">trouble li\u00e9 \u00e0 l\u2019usage d\u2019alcool<\/a> ne sont pas les seules responsables de ces co\u00fbts et de ces probl\u00e8mes. Les personnes qui consomment de l\u2019alcool de fa\u00e7on mod\u00e9r\u00e9e y contribuent \u00e9galement de fa\u00e7on significative, en particulier lors d\u2019\u00e9pisodes de <a href=\"https:\/\/knowalcohol.ca\/fr\/drinking-patterns\/#binge-drinking\">consommation excessive<\/a>.<\/p><p>La consommation d\u2019alcool est aussi la principale cause de graves collisions routi\u00e8res. En fait, au Canada, elle tue et blesse plus de personnes que tout autre crime.<\/p><p>De nombreuses personnes subissent aussi des <a href=\"\/fr\/.\/benefits-of-drinking-less\/#harms\">cons\u00e9quences n\u00e9gatives<\/a> li\u00e9es \u00e0 leur consommation d\u2019alcool ou \u00e0 celle d\u2019une autre personne. Qu\u2019en est-il pour vous?<\/p>\n<\/div>\n<\/div><\/div><\/div>\n<\/section>","protected":false},"excerpt":{"rendered":"<p>People Alcohol use impacts everyone. How does it impact you and those around you? Men Compared to women, men tend to drink more alcohol, take more risks when drinking (i.e., mix alcohol with drugs, drive while intoxicated), and are more likely to binge drink, develop an alcohol use disorder, and commit alcohol-related violence. Men account [&hellip;]<\/p>\n","protected":false},"author":1,"featured_media":0,"parent":0,"menu_order":0,"comment_status":"closed","ping_status":"closed","template":"","meta":{"_breakdance_hide_in_design_set":false,"_breakdance_tags":"","footnotes":""},"class_list":["post-585","page","type-page","status-publish","hentry"],"yoast_head":"<!-- This site is optimized with the Yoast SEO plugin v27.4 - https:\/\/yoast.com\/product\/yoast-seo-wordpress\/ -->\n<title>People - Know Alcohol<\/title>\n<meta name=\"robots\" content=\"index, follow, max-snippet:-1, max-image-preview:large, max-video-preview:-1\" \/>\n<link rel=\"canonical\" href=\"https:\/\/knowalcohol.ca\/fr\/people\/\" \/>\n<meta property=\"og:locale\" content=\"fr_CA\" \/>\n<meta property=\"og:type\" content=\"article\" \/>\n<meta property=\"og:title\" content=\"People - Know Alcohol\" \/>\n<meta property=\"og:description\" content=\"People Alcohol use impacts everyone. How does it impact you and those around you? Men Compared to women, men tend to drink more alcohol, take more risks when drinking (i.e., mix alcohol with drugs, drive while intoxicated), and are more likely to binge drink, develop an alcohol use disorder, and commit alcohol-related violence. Men account [&hellip;]\" \/>\n<meta property=\"og:url\" content=\"https:\/\/knowalcohol.ca\/fr\/people\/\" \/>\n<meta property=\"og:site_name\" content=\"Know Alcohol\" \/>\n<meta property=\"article:modified_time\" content=\"2025-04-28T17:01:49+00:00\" \/>\n<meta property=\"og:image\" content=\"https:\/\/knowalcohol.ca\/wp-content\/uploads\/2026\/03\/know-alcohol.png\" \/>\n\t<meta property=\"og:image:width\" content=\"1200\" \/>\n\t<meta property=\"og:image:height\" content=\"675\" \/>\n\t<meta property=\"og:image:type\" content=\"image\/png\" \/>\n<meta name=\"twitter:card\" content=\"summary_large_image\" \/>\n<meta name=\"twitter:label1\" content=\"Estimation du temps de lecture\" \/>\n\t<meta name=\"twitter:data1\" content=\"4 minutes\" \/>\n<script type=\"application\/ld+json\" class=\"yoast-schema-graph\">{\"@context\":\"https:\\\/\\\/schema.org\",\"@graph\":[{\"@type\":\"WebPage\",\"@id\":\"https:\\\/\\\/knowalcohol.ca\\\/people\\\/\",\"url\":\"https:\\\/\\\/knowalcohol.ca\\\/people\\\/\",\"name\":\"People - Know Alcohol\",\"isPartOf\":{\"@id\":\"https:\\\/\\\/knowalcohol.ca\\\/#website\"},\"datePublished\":\"2024-06-20T18:01:00+00:00\",\"dateModified\":\"2025-04-28T17:01:49+00:00\",\"breadcrumb\":{\"@id\":\"https:\\\/\\\/knowalcohol.ca\\\/people\\\/#breadcrumb\"},\"inLanguage\":\"fr-CA\",\"potentialAction\":[{\"@type\":\"ReadAction\",\"target\":[\"https:\\\/\\\/knowalcohol.ca\\\/people\\\/\"]}]},{\"@type\":\"BreadcrumbList\",\"@id\":\"https:\\\/\\\/knowalcohol.ca\\\/people\\\/#breadcrumb\",\"itemListElement\":[{\"@type\":\"ListItem\",\"position\":1,\"name\":\"Home\",\"item\":\"https:\\\/\\\/knowalcohol.ca\\\/\"},{\"@type\":\"ListItem\",\"position\":2,\"name\":\"People\"}]},{\"@type\":\"WebSite\",\"@id\":\"https:\\\/\\\/knowalcohol.ca\\\/#website\",\"url\":\"https:\\\/\\\/knowalcohol.ca\\\/\",\"name\":\"Know Alcohol\",\"description\":\"University of Victoria CISUR\",\"publisher\":{\"@id\":\"https:\\\/\\\/knowalcohol.ca\\\/#organization\"},\"potentialAction\":[{\"@type\":\"SearchAction\",\"target\":{\"@type\":\"EntryPoint\",\"urlTemplate\":\"https:\\\/\\\/knowalcohol.ca\\\/?s={search_term_string}\"},\"query-input\":{\"@type\":\"PropertyValueSpecification\",\"valueRequired\":true,\"valueName\":\"search_term_string\"}}],\"inLanguage\":\"fr-CA\"},{\"@type\":\"Organization\",\"@id\":\"https:\\\/\\\/knowalcohol.ca\\\/#organization\",\"name\":\"Know Alcohol\",\"url\":\"https:\\\/\\\/knowalcohol.ca\\\/\",\"logo\":{\"@type\":\"ImageObject\",\"inLanguage\":\"fr-CA\",\"@id\":\"https:\\\/\\\/knowalcohol.ca\\\/#\\\/schema\\\/logo\\\/image\\\/\",\"url\":\"https:\\\/\\\/knowalcohol.ca\\\/wp-content\\\/uploads\\\/2024\\\/04\\\/cropped-KA-Avatar.png\",\"contentUrl\":\"https:\\\/\\\/knowalcohol.ca\\\/wp-content\\\/uploads\\\/2024\\\/04\\\/cropped-KA-Avatar.png\",\"width\":512,\"height\":512,\"caption\":\"Know Alcohol\"},\"image\":{\"@id\":\"https:\\\/\\\/knowalcohol.ca\\\/#\\\/schema\\\/logo\\\/image\\\/\"}}]}<\/script>\n<!-- \/ Yoast SEO plugin. -->","yoast_head_json":{"title":"People - Know Alcohol","robots":{"index":"index","follow":"follow","max-snippet":"max-snippet:-1","max-image-preview":"max-image-preview:large","max-video-preview":"max-video-preview:-1"},"canonical":"https:\/\/knowalcohol.ca\/fr\/people\/","og_locale":"fr_CA","og_type":"article","og_title":"People - Know Alcohol","og_description":"People Alcohol use impacts everyone. How does it impact you and those around you? Men Compared to women, men tend to drink more alcohol, take more risks when drinking (i.e., mix alcohol with drugs, drive while intoxicated), and are more likely to binge drink, develop an alcohol use disorder, and commit alcohol-related violence. Men account [&hellip;]","og_url":"https:\/\/knowalcohol.ca\/fr\/people\/","og_site_name":"Know Alcohol","article_modified_time":"2025-04-28T17:01:49+00:00","og_image":[{"width":1200,"height":675,"url":"https:\/\/knowalcohol.ca\/wp-content\/uploads\/2026\/03\/know-alcohol.png","type":"image\/png"}],"twitter_card":"summary_large_image","twitter_misc":{"Estimation du temps de lecture":"4 minutes"},"schema":{"@context":"https:\/\/schema.org","@graph":[{"@type":"WebPage","@id":"https:\/\/knowalcohol.ca\/people\/","url":"https:\/\/knowalcohol.ca\/people\/","name":"People - Know Alcohol","isPartOf":{"@id":"https:\/\/knowalcohol.ca\/#website"},"datePublished":"2024-06-20T18:01:00+00:00","dateModified":"2025-04-28T17:01:49+00:00","breadcrumb":{"@id":"https:\/\/knowalcohol.ca\/people\/#breadcrumb"},"inLanguage":"fr-CA","potentialAction":[{"@type":"ReadAction","target":["https:\/\/knowalcohol.ca\/people\/"]}]},{"@type":"BreadcrumbList","@id":"https:\/\/knowalcohol.ca\/people\/#breadcrumb","itemListElement":[{"@type":"ListItem","position":1,"name":"Home","item":"https:\/\/knowalcohol.ca\/"},{"@type":"ListItem","position":2,"name":"People"}]},{"@type":"WebSite","@id":"https:\/\/knowalcohol.ca\/#website","url":"https:\/\/knowalcohol.ca\/","name":"Know Alcohol","description":"University of Victoria CISUR","publisher":{"@id":"https:\/\/knowalcohol.ca\/#organization"},"potentialAction":[{"@type":"SearchAction","target":{"@type":"EntryPoint","urlTemplate":"https:\/\/knowalcohol.ca\/?s={search_term_string}"},"query-input":{"@type":"PropertyValueSpecification","valueRequired":true,"valueName":"search_term_string"}}],"inLanguage":"fr-CA"},{"@type":"Organization","@id":"https:\/\/knowalcohol.ca\/#organization","name":"Know Alcohol","url":"https:\/\/knowalcohol.ca\/","logo":{"@type":"ImageObject","inLanguage":"fr-CA","@id":"https:\/\/knowalcohol.ca\/#\/schema\/logo\/image\/","url":"https:\/\/knowalcohol.ca\/wp-content\/uploads\/2024\/04\/cropped-KA-Avatar.png","contentUrl":"https:\/\/knowalcohol.ca\/wp-content\/uploads\/2024\/04\/cropped-KA-Avatar.png","width":512,"height":512,"caption":"Know Alcohol"},"image":{"@id":"https:\/\/knowalcohol.ca\/#\/schema\/logo\/image\/"}}]}},"_links":{"self":[{"href":"https:\/\/knowalcohol.ca\/fr\/wp-json\/wp\/v2\/pages\/585","targetHints":{"allow":["GET"]}}],"collection":[{"href":"https:\/\/knowalcohol.ca\/fr\/wp-json\/wp\/v2\/pages"}],"about":[{"href":"https:\/\/knowalcohol.ca\/fr\/wp-json\/wp\/v2\/types\/page"}],"author":[{"embeddable":true,"href":"https:\/\/knowalcohol.ca\/fr\/wp-json\/wp\/v2\/users\/1"}],"replies":[{"embeddable":true,"href":"https:\/\/knowalcohol.ca\/fr\/wp-json\/wp\/v2\/comments?post=585"}],"version-history":[{"count":2,"href":"https:\/\/knowalcohol.ca\/fr\/wp-json\/wp\/v2\/pages\/585\/revisions"}],"predecessor-version":[{"id":1224,"href":"https:\/\/knowalcohol.ca\/fr\/wp-json\/wp\/v2\/pages\/585\/revisions\/1224"}],"wp:attachment":[{"href":"https:\/\/knowalcohol.ca\/fr\/wp-json\/wp\/v2\/media?parent=585"}],"curies":[{"name":"wp","href":"https:\/\/api.w.org\/{rel}","templated":true}]}}