{"id":594,"date":"2024-06-20T11:34:21","date_gmt":"2024-06-20T18:34:21","guid":{"rendered":"https:\/\/knowalcohol.ca\/?page_id=594"},"modified":"2025-04-28T10:08:31","modified_gmt":"2025-04-28T17:08:31","slug":"pregnancy","status":"publish","type":"page","link":"https:\/\/knowalcohol.ca\/fr\/pregnancy\/","title":{"rendered":"La grossesse"},"content":{"rendered":"<section class=\"bde-section-594-100 bde-section bde-preset-4f2c580c-f52c-42b0-bd65-211829ff07bb\">\n              \n  \n  \n\t\n\n\n\n        <div class=\"section-shape-divider-wrapper section-shape-divider-wrapper--1\">\n          <span class=\"section-shape-divider\">\n                      <svg\n                xmlns=\"http:\/\/www.w3.org\/2000\/svg\"\n                viewbox=\"0 0 1440 320\"\n                preserveaspectratio=\"none\"\n            >\n              <path fill=\"currentColor\" fill-opacity=\"1\" d=\"M0,288L1440,0L1440,320L0,320Z\"><\/path>\n            <\/svg>\n                    <\/span>\n      <\/div>\n  <div class=\"section-container\"><h1 class=\"bde-heading-594-101 bde-heading\" data-entrance=\"fade\">\nLa grossesse \n<\/h1><\/div>\n<\/section><section class=\"bde-section-594-102 bde-section\">\n  \n  \n\t\n\n\n\n<div class=\"section-container\"><div class=\"bde-code-block-594-139 bde-code-block\">\n\n\n\n<\/div><div class=\"bde-columns-594-103 bde-columns\"><div class=\"bde-column-594-104 bde-column\">\n  \n  \n\t\n\n\n\n<h2 class=\"bde-heading-594-106 bde-heading\" data-entrance=\"fade\">\nLa planification familiale\n<\/h2><div class=\"bde-image-594-107 bde-image\" data-entrance=\"zoomOut\">\n<figure class=\"breakdance-image breakdance-image--1221\">\n\t<div class=\"breakdance-image-container\">\n\t\t<div class=\"breakdance-image-clip\"><img decoding=\"async\" class=\"breakdance-image-object\" src=\"https:\/\/knowalcohol.ca\/wp-content\/uploads\/2025\/04\/family-duotone-2.svg\" width=\"\" height=\"\" alt=\"family icon\"><\/div>\n\t<\/div><\/figure>\n\n<\/div>\n<\/div><div class=\"bde-column-594-105 bde-column\">\n  \n  \n\t\n\n\n\n<div class=\"bde-rich-text-594-108 bde-rich-text breakdance-rich-text-styles\">\n<p>Lorsqu\u2019on tente de devenir enceinte, il est pr\u00e9f\u00e9rable de s\u2019abstenir de consommer de l\u2019alcool. Les grossesses non planifi\u00e9es sont courantes et la consommation d\u2019alcool peut nuire au f\u0153tus, en particulier la <a href=\"https:\/\/knowalcohol.ca\/fr\/drinking-patterns\/#binge-drinking\">consommation excessive<\/a>&nbsp;qui survient avant de savoir que l\u2019on est enceinte.\u00a0<\/p><p><strong>Le saviez-vous?<\/strong> La consommation excessive peut:<\/p><ul><li>Diminuer la production, la quantit\u00e9 et la qualit\u00e9 des spermatozo\u00efdes<\/li><li>Provoquer des irr\u00e9gularit\u00e9s menstruelles et des probl\u00e8mes d\u2019ovulation<\/li><li>Augmenter le risque d\u2019infertilit\u00e9<\/li><\/ul>\n<\/div>\n<\/div><\/div><\/div>\n<\/section><section class=\"bde-section-594-109 bde-section\">\n              \n  \n  \n\t\n\n  <div class=\"section-background-overlay\"><\/div>\n\n\n        <div class=\"section-shape-divider-wrapper section-shape-divider-wrapper--1\">\n          <span class=\"section-shape-divider\">\n                      <svg\n                xmlns=\"http:\/\/www.w3.org\/2000\/svg\"\n                viewbox=\"0 0 1440 320\"\n                preserveaspectratio=\"none\"\n            >\n              <path d=\"m1440 176-218.331 87.333c-87.89 35.156-187.784 21.62-263.149-35.657l-116.67-88.67c-72.014-54.731-171.686-54.731-243.7 0l-116.67 88.67c-75.365 57.277-175.258 70.813-263.149 35.657L0 176v144h1440V176Z\" fill=\"currentColor\"\/>\n            <\/svg>\n                    <\/span>\n      <\/div>\n  <div class=\"section-container\"><div class=\"bde-columns-594-110 bde-columns\"><div class=\"bde-column-594-111 bde-column\">\n  \n  \n\t\n\n\n\n<h2 class=\"bde-heading-594-112 bde-heading\" data-entrance=\"fade\">\nLa grossesse\n<\/h2><div class=\"bde-image-594-113 bde-image\" data-entrance=\"zoomOut\">\n<figure class=\"breakdance-image breakdance-image--1226\">\n\t<div class=\"breakdance-image-container\">\n\t\t<div class=\"breakdance-image-clip\"><img decoding=\"async\" class=\"breakdance-image-object\" src=\"https:\/\/knowalcohol.ca\/wp-content\/uploads\/2025\/04\/pregnancy-icon-1.svg\" width=\"\" height=\"\" alt=\"pregnancy icon\"><\/div>\n\t<\/div><\/figure>\n\n<\/div>\n<\/div><div class=\"bde-column-594-114 bde-column\">\n  \n  \n\t\n\n\n\n<div class=\"bde-rich-text-594-115 bde-rich-text breakdance-rich-text-styles\">\n<p>Pendant la grossesse, toute consommation comporte des risques.<\/p><p>La consommation d\u2019alcool pendant la grossesse peut causer des malformations cong\u00e9nitales, c\u2019est-\u00e0-dire des malformations pr\u00e9sentes d\u00e8s la naissance, et des probl\u00e8mes de d\u00e9veloppement, comme les probl\u00e8mes li\u00e9s au trouble du spectre de l\u2019alcoolisation f\u0153tale.<\/p><p>La consommation d\u2019alcool peut \u00e9galement causer des troubles et des complications durant la grossesse, comme de l\u2019hypertension art\u00e9rielle, des fausses couches, des anomalies placentaires et m\u00eame la mortinaissance, c\u2019est-\u00e0-dire le d\u00e9c\u00e8s du b\u00e9b\u00e9 \u00e0 la fin de la grossesse.<\/p>\n<\/div>\n<\/div><\/div><\/div>\n<\/section><section id=\"breastfeeding\" class=\"bde-section-594-116 bde-section\">\n  \n  \n\t\n\n\n\n        <div class=\"section-shape-divider-wrapper section-shape-divider-wrapper--1\">\n          <span class=\"section-shape-divider\">\n                      <svg\n                xmlns=\"http:\/\/www.w3.org\/2000\/svg\"\n                viewbox=\"0 0 1440 320\"\n                preserveaspectratio=\"none\"\n            >\n              <path d=\"m1440 176-218.331 87.333c-87.89 35.156-187.784 21.62-263.149-35.657l-116.67-88.67c-72.014-54.731-171.686-54.731-243.7 0l-116.67 88.67c-75.365 57.277-175.258 70.813-263.149 35.657L0 176v144h1440V176Z\" fill=\"currentColor\"\/>\n            <\/svg>\n                    <\/span>\n      <\/div>\n  <div class=\"section-container\"><div class=\"bde-columns-594-117 bde-columns\"><div class=\"bde-column-594-118 bde-column\">\n  \n  \n\t\n\n\n\n<h2 class=\"bde-heading-594-119 bde-heading\" data-entrance=\"fade\">\nL\u2019allaitement\n<\/h2><div class=\"bde-image-594-120 bde-image\" data-entrance=\"zoomOut\">\n<figure class=\"breakdance-image breakdance-image--1227\">\n\t<div class=\"breakdance-image-container\">\n\t\t<div class=\"breakdance-image-clip\"><img decoding=\"async\" class=\"breakdance-image-object\" src=\"https:\/\/knowalcohol.ca\/wp-content\/uploads\/2025\/04\/person-breastfeeding-duotone.svg\" width=\"\" height=\"\" alt=\"breast feeding icon\"><\/div>\n\t<\/div><\/figure>\n\n<\/div>\n<\/div><div class=\"bde-column-594-121 bde-column\">\n  \n  \n\t\n\n\n\n<div class=\"bde-rich-text-594-122 bde-rich-text breakdance-rich-text-styles\">\n<p>Lors de l\u2019allaitement, toute quantit\u00e9 d\u2019alcool peut \u00eatre dangereuse pour le b\u00e9b\u00e9. En effet, l\u2019alcool s\u2019infiltre dans le lait maternel lorsqu\u2019il est consomm\u00e9.<\/p><p><strong>Le saviez-vous?<\/strong> La consommation d\u2019alcool diminue la production de lait. De plus, les b\u00e9b\u00e9s allait\u00e9s expos\u00e9s \u00e0 l\u2019alcool peuvent pr\u00e9senter des troubles du sommeil et de l\u2019alimentation, ce qui peut entra\u00eener un arr\u00eat pr\u00e9coce de l\u2019allaitement, ainsi que des retards de d\u00e9veloppement.<\/p><p>Consommer un <a href=\"https:\/\/knowalcohol.ca\/fr\/standard-drinks\/\">verre standard<\/a> \u00e0 l\u2019occasion peut \u00eatre sans danger pour un b\u00e9b\u00e9 allait\u00e9, mais seulement si la consommation est bien planifi\u00e9e: il faut au moins 2 heures pour que l\u2019alcool contenu dans <em>un<\/em> un verre standard disparaisse du lait maternel et du corps de la personne qui l\u2019a bu.<\/p>\n<\/div>\n<\/div><\/div><\/div>\n<\/section>","protected":false},"excerpt":{"rendered":"<p>Pregnancy Family Planning When trying to get pregnant, it\u2019s best to abstain from alcohol. Unplanned pregnancies are common and drinking alcohol, especially binge drinking, before you know you\u2019re pregnant can harm the fetus.Did you know? Heavy drinking can:Decrease sperm production, quantity, and qualityCause menstrual irregularities and ovulatory problemsIncrease the risk of infertility Pregnancy When pregnant, [&hellip;]<\/p>\n","protected":false},"author":1,"featured_media":0,"parent":0,"menu_order":0,"comment_status":"closed","ping_status":"closed","template":"","meta":{"_breakdance_hide_in_design_set":false,"_breakdance_tags":"","footnotes":""},"class_list":["post-594","page","type-page","status-publish","hentry"],"yoast_head":"<!-- This site is optimized with the Yoast SEO plugin v27.4 - https:\/\/yoast.com\/product\/yoast-seo-wordpress\/ -->\n<title>Pregnancy - Know Alcohol<\/title>\n<meta name=\"robots\" content=\"index, follow, max-snippet:-1, max-image-preview:large, max-video-preview:-1\" \/>\n<link rel=\"canonical\" href=\"https:\/\/knowalcohol.ca\/fr\/pregnancy\/\" \/>\n<meta property=\"og:locale\" content=\"fr_CA\" \/>\n<meta property=\"og:type\" content=\"article\" \/>\n<meta property=\"og:title\" content=\"Pregnancy - Know Alcohol\" \/>\n<meta property=\"og:description\" content=\"Pregnancy Family Planning When trying to get pregnant, it\u2019s best to abstain from alcohol. Unplanned pregnancies are common and drinking alcohol, especially binge drinking, before you know you\u2019re pregnant can harm the fetus.Did you know? Heavy drinking can:Decrease sperm production, quantity, and qualityCause menstrual irregularities and ovulatory problemsIncrease the risk of infertility Pregnancy When pregnant, [&hellip;]\" \/>\n<meta property=\"og:url\" content=\"https:\/\/knowalcohol.ca\/fr\/pregnancy\/\" \/>\n<meta property=\"og:site_name\" content=\"Know Alcohol\" \/>\n<meta property=\"article:modified_time\" content=\"2025-04-28T17:08:31+00:00\" \/>\n<meta property=\"og:image\" content=\"https:\/\/knowalcohol.ca\/wp-content\/uploads\/2026\/03\/know-alcohol.png\" \/>\n\t<meta property=\"og:image:width\" content=\"1200\" \/>\n\t<meta property=\"og:image:height\" content=\"675\" \/>\n\t<meta property=\"og:image:type\" content=\"image\/png\" \/>\n<meta name=\"twitter:card\" content=\"summary_large_image\" \/>\n<meta name=\"twitter:label1\" content=\"Estimation du temps de lecture\" \/>\n\t<meta name=\"twitter:data1\" content=\"2 minutes\" \/>\n<script type=\"application\/ld+json\" class=\"yoast-schema-graph\">{\"@context\":\"https:\\\/\\\/schema.org\",\"@graph\":[{\"@type\":\"WebPage\",\"@id\":\"https:\\\/\\\/knowalcohol.ca\\\/pregnancy\\\/\",\"url\":\"https:\\\/\\\/knowalcohol.ca\\\/pregnancy\\\/\",\"name\":\"Pregnancy - Know Alcohol\",\"isPartOf\":{\"@id\":\"https:\\\/\\\/knowalcohol.ca\\\/#website\"},\"datePublished\":\"2024-06-20T18:34:21+00:00\",\"dateModified\":\"2025-04-28T17:08:31+00:00\",\"breadcrumb\":{\"@id\":\"https:\\\/\\\/knowalcohol.ca\\\/pregnancy\\\/#breadcrumb\"},\"inLanguage\":\"fr-CA\",\"potentialAction\":[{\"@type\":\"ReadAction\",\"target\":[\"https:\\\/\\\/knowalcohol.ca\\\/pregnancy\\\/\"]}]},{\"@type\":\"BreadcrumbList\",\"@id\":\"https:\\\/\\\/knowalcohol.ca\\\/pregnancy\\\/#breadcrumb\",\"itemListElement\":[{\"@type\":\"ListItem\",\"position\":1,\"name\":\"Home\",\"item\":\"https:\\\/\\\/knowalcohol.ca\\\/\"},{\"@type\":\"ListItem\",\"position\":2,\"name\":\"Pregnancy\"}]},{\"@type\":\"WebSite\",\"@id\":\"https:\\\/\\\/knowalcohol.ca\\\/#website\",\"url\":\"https:\\\/\\\/knowalcohol.ca\\\/\",\"name\":\"Know Alcohol\",\"description\":\"University of Victoria CISUR\",\"publisher\":{\"@id\":\"https:\\\/\\\/knowalcohol.ca\\\/#organization\"},\"potentialAction\":[{\"@type\":\"SearchAction\",\"target\":{\"@type\":\"EntryPoint\",\"urlTemplate\":\"https:\\\/\\\/knowalcohol.ca\\\/?s={search_term_string}\"},\"query-input\":{\"@type\":\"PropertyValueSpecification\",\"valueRequired\":true,\"valueName\":\"search_term_string\"}}],\"inLanguage\":\"fr-CA\"},{\"@type\":\"Organization\",\"@id\":\"https:\\\/\\\/knowalcohol.ca\\\/#organization\",\"name\":\"Know Alcohol\",\"url\":\"https:\\\/\\\/knowalcohol.ca\\\/\",\"logo\":{\"@type\":\"ImageObject\",\"inLanguage\":\"fr-CA\",\"@id\":\"https:\\\/\\\/knowalcohol.ca\\\/#\\\/schema\\\/logo\\\/image\\\/\",\"url\":\"https:\\\/\\\/knowalcohol.ca\\\/wp-content\\\/uploads\\\/2024\\\/04\\\/cropped-KA-Avatar.png\",\"contentUrl\":\"https:\\\/\\\/knowalcohol.ca\\\/wp-content\\\/uploads\\\/2024\\\/04\\\/cropped-KA-Avatar.png\",\"width\":512,\"height\":512,\"caption\":\"Know Alcohol\"},\"image\":{\"@id\":\"https:\\\/\\\/knowalcohol.ca\\\/#\\\/schema\\\/logo\\\/image\\\/\"}}]}<\/script>\n<!-- \/ Yoast SEO plugin. -->","yoast_head_json":{"title":"Pregnancy - Know Alcohol","robots":{"index":"index","follow":"follow","max-snippet":"max-snippet:-1","max-image-preview":"max-image-preview:large","max-video-preview":"max-video-preview:-1"},"canonical":"https:\/\/knowalcohol.ca\/fr\/pregnancy\/","og_locale":"fr_CA","og_type":"article","og_title":"Pregnancy - Know Alcohol","og_description":"Pregnancy Family Planning When trying to get pregnant, it\u2019s best to abstain from alcohol. Unplanned pregnancies are common and drinking alcohol, especially binge drinking, before you know you\u2019re pregnant can harm the fetus.Did you know? Heavy drinking can:Decrease sperm production, quantity, and qualityCause menstrual irregularities and ovulatory problemsIncrease the risk of infertility Pregnancy When pregnant, [&hellip;]","og_url":"https:\/\/knowalcohol.ca\/fr\/pregnancy\/","og_site_name":"Know Alcohol","article_modified_time":"2025-04-28T17:08:31+00:00","og_image":[{"width":1200,"height":675,"url":"https:\/\/knowalcohol.ca\/wp-content\/uploads\/2026\/03\/know-alcohol.png","type":"image\/png"}],"twitter_card":"summary_large_image","twitter_misc":{"Estimation du temps de lecture":"2 minutes"},"schema":{"@context":"https:\/\/schema.org","@graph":[{"@type":"WebPage","@id":"https:\/\/knowalcohol.ca\/pregnancy\/","url":"https:\/\/knowalcohol.ca\/pregnancy\/","name":"Pregnancy - Know Alcohol","isPartOf":{"@id":"https:\/\/knowalcohol.ca\/#website"},"datePublished":"2024-06-20T18:34:21+00:00","dateModified":"2025-04-28T17:08:31+00:00","breadcrumb":{"@id":"https:\/\/knowalcohol.ca\/pregnancy\/#breadcrumb"},"inLanguage":"fr-CA","potentialAction":[{"@type":"ReadAction","target":["https:\/\/knowalcohol.ca\/pregnancy\/"]}]},{"@type":"BreadcrumbList","@id":"https:\/\/knowalcohol.ca\/pregnancy\/#breadcrumb","itemListElement":[{"@type":"ListItem","position":1,"name":"Home","item":"https:\/\/knowalcohol.ca\/"},{"@type":"ListItem","position":2,"name":"Pregnancy"}]},{"@type":"WebSite","@id":"https:\/\/knowalcohol.ca\/#website","url":"https:\/\/knowalcohol.ca\/","name":"Know Alcohol","description":"University of Victoria CISUR","publisher":{"@id":"https:\/\/knowalcohol.ca\/#organization"},"potentialAction":[{"@type":"SearchAction","target":{"@type":"EntryPoint","urlTemplate":"https:\/\/knowalcohol.ca\/?s={search_term_string}"},"query-input":{"@type":"PropertyValueSpecification","valueRequired":true,"valueName":"search_term_string"}}],"inLanguage":"fr-CA"},{"@type":"Organization","@id":"https:\/\/knowalcohol.ca\/#organization","name":"Know Alcohol","url":"https:\/\/knowalcohol.ca\/","logo":{"@type":"ImageObject","inLanguage":"fr-CA","@id":"https:\/\/knowalcohol.ca\/#\/schema\/logo\/image\/","url":"https:\/\/knowalcohol.ca\/wp-content\/uploads\/2024\/04\/cropped-KA-Avatar.png","contentUrl":"https:\/\/knowalcohol.ca\/wp-content\/uploads\/2024\/04\/cropped-KA-Avatar.png","width":512,"height":512,"caption":"Know Alcohol"},"image":{"@id":"https:\/\/knowalcohol.ca\/#\/schema\/logo\/image\/"}}]}},"_links":{"self":[{"href":"https:\/\/knowalcohol.ca\/fr\/wp-json\/wp\/v2\/pages\/594","targetHints":{"allow":["GET"]}}],"collection":[{"href":"https:\/\/knowalcohol.ca\/fr\/wp-json\/wp\/v2\/pages"}],"about":[{"href":"https:\/\/knowalcohol.ca\/fr\/wp-json\/wp\/v2\/types\/page"}],"author":[{"embeddable":true,"href":"https:\/\/knowalcohol.ca\/fr\/wp-json\/wp\/v2\/users\/1"}],"replies":[{"embeddable":true,"href":"https:\/\/knowalcohol.ca\/fr\/wp-json\/wp\/v2\/comments?post=594"}],"version-history":[{"count":2,"href":"https:\/\/knowalcohol.ca\/fr\/wp-json\/wp\/v2\/pages\/594\/revisions"}],"predecessor-version":[{"id":1228,"href":"https:\/\/knowalcohol.ca\/fr\/wp-json\/wp\/v2\/pages\/594\/revisions\/1228"}],"wp:attachment":[{"href":"https:\/\/knowalcohol.ca\/fr\/wp-json\/wp\/v2\/media?parent=594"}],"curies":[{"name":"wp","href":"https:\/\/api.w.org\/{rel}","templated":true}]}}