{"id":604,"date":"2024-06-20T11:54:22","date_gmt":"2024-06-20T18:54:22","guid":{"rendered":"https:\/\/knowalcohol.ca\/?page_id=604"},"modified":"2025-04-29T11:52:36","modified_gmt":"2025-04-29T18:52:36","slug":"tips","status":"publish","type":"page","link":"https:\/\/knowalcohol.ca\/fr\/tips\/","title":{"rendered":"Tips"},"content":{"rendered":"<section class=\"bde-section-604-100 bde-section bde-preset-4f2c580c-f52c-42b0-bd65-211829ff07bb\">\n              \n  \n  \n\t\n\n\n\n        <div class=\"section-shape-divider-wrapper section-shape-divider-wrapper--1\">\n          <span class=\"section-shape-divider\">\n                      <svg\n                xmlns=\"http:\/\/www.w3.org\/2000\/svg\"\n                viewbox=\"0 0 1440 320\"\n                preserveaspectratio=\"none\"\n            >\n              <path fill=\"currentColor\" fill-opacity=\"1\" d=\"M0,288L1440,0L1440,320L0,320Z\"><\/path>\n            <\/svg>\n                    <\/span>\n      <\/div>\n  <div class=\"section-container\"><h1 class=\"bde-heading-604-101 bde-heading\" data-entrance=\"fade\">\nDes conseils pour boire moins\n<\/h1><\/div>\n<\/section><section class=\"bde-section-604-102 bde-section\">\n  \n  \n\t\n\n\n\n<div class=\"section-container\"><div class=\"bde-columns-604-103 bde-columns\"><div class=\"bde-column-604-104 bde-column\">\n  \n  \n\t\n\n\n\n<h2 class=\"bde-heading-604-106 bde-heading\" data-entrance=\"fade\">\nLorsque z\u00e9ro alcool est la meilleure option\n<\/h2><div class=\"bde-image-604-107 bde-image\" data-entrance=\"zoomOut\">\n<figure class=\"breakdance-image breakdance-image--1234\">\n\t<div class=\"breakdance-image-container\">\n\t\t<div class=\"breakdance-image-clip\"><img decoding=\"async\" class=\"breakdance-image-object\" src=\"https:\/\/knowalcohol.ca\/wp-content\/uploads\/2025\/04\/circle-0-duotone.svg\" width=\"\" height=\"\"><\/div>\n\t<\/div><\/figure>\n\n<\/div>\n<\/div><div class=\"bde-column-604-105 bde-column\">\n  \n  \n\t\n\n\n\n<div class=\"bde-rich-text-604-108 bde-rich-text breakdance-rich-text-styles\">\n<p>Ne pas boire du tout est la meilleure option pour les <a href=\"\/fr\/.\/people\/#youth\">jeunes<\/a> qui n\u2019ont pas l\u2019\u00e2ge l\u00e9gal de consommer de l\u2019alcool, les personnes <a href=\"https:\/\/knowalcohol.ca\/fr\/pregnancy\/\">enceintes<\/a> ou celles qui tentent de le devenir et les personnes qui prennent des m\u00e9dicaments sur ordonnance ou d\u2019autres m\u00e9dicaments. Les personnes qui pr\u00e9sentent un <a href=\"\/fr\/.\/drinking-patterns\/#alcohol-use\">trouble li\u00e9 \u00e0 l\u2019usage d\u2019alcool<\/a> devraient s\u2019abstenir de consommer de l\u2019alcool. Elles peuvent toutefois avoir besoin d\u2019aide pour r\u00e9duire ou arr\u00eater de boire en toute s\u00e9curit\u00e9.<\/p><p>Ne prenez pas d\u2019alcool si vous devez conduire, utiliser des machines ou des outils, faire de l\u2019activit\u00e9 physique ou lorsque vous \u00eates responsable de la s\u00e9curit\u00e9 d\u2019autrui.<\/p>\n<\/div>\n<\/div><\/div><\/div>\n<\/section><section class=\"bde-section-604-109 bde-section\">\n              \n  \n  \n\t\n\n  <div class=\"section-background-overlay\"><\/div>\n\n\n        <div class=\"section-shape-divider-wrapper section-shape-divider-wrapper--1\">\n          <span class=\"section-shape-divider\">\n                      <svg\n                xmlns=\"http:\/\/www.w3.org\/2000\/svg\"\n                viewbox=\"0 0 1440 320\"\n                preserveaspectratio=\"none\"\n            >\n              <path d=\"m1440 176-218.331 87.333c-87.89 35.156-187.784 21.62-263.149-35.657l-116.67-88.67c-72.014-54.731-171.686-54.731-243.7 0l-116.67 88.67c-75.365 57.277-175.258 70.813-263.149 35.657L0 176v144h1440V176Z\" fill=\"currentColor\"\/>\n            <\/svg>\n                    <\/span>\n      <\/div>\n  <div class=\"section-container\"><div class=\"bde-columns-604-110 bde-columns\"><div class=\"bde-column-604-111 bde-column\">\n  \n  \n\t\n\n\n\n<h2 class=\"bde-heading-604-112 bde-heading\" data-entrance=\"fade\">\nConseils pour boire en toute s\u00e9curit\u00e9\n<\/h2><div class=\"bde-image-604-113 bde-image\" data-entrance=\"zoomOut\">\n<figure class=\"breakdance-image breakdance-image--1235\">\n\t<div class=\"breakdance-image-container\">\n\t\t<div class=\"breakdance-image-clip\"><img decoding=\"async\" class=\"breakdance-image-object\" src=\"https:\/\/knowalcohol.ca\/wp-content\/uploads\/2025\/04\/plate-utensils-duotone.svg\" width=\"\" height=\"\"><\/div>\n\t<\/div><\/figure>\n\n<\/div>\n<\/div><div class=\"bde-column-604-114 bde-column\">\n  \n  \n\t\n\n\n\n<div class=\"bde-rich-text-604-115 bde-rich-text breakdance-rich-text-styles\">\n<p>Prenez le temps de r\u00e9fl\u00e9chir \u00e0 votre consommation d\u2019alcool. \u00c0 quelle fr\u00e9quence en buvez-vous, quelle quantit\u00e9 prenez-vous et de quelle mani\u00e8re le faites-vous? Consid\u00e9rez les moyens suivants pour prendre moins d\u2019alcool de mani\u00e8re plus s\u00e9curitaire:<\/p>\n<\/div><div class=\"bde-rich-text-604-140 bde-rich-text breakdance-rich-text-styles\">\n<ul><li><strong>Mangez avant et pendant votre consommation d\u2019alcool.<\/strong> L\u2019\u00e9thanol est l\u2019ingr\u00e9dient psychoactif de l\u2019alcool. La nourriture ralentit l\u2019absorption de l\u2019\u00e9thanol dans le sang et r\u00e9duit par le fait m\u00eame la probabilit\u00e9 d\u2019une <a href=\"https:\/\/knowalcohol.ca\/fr\/drinking-patterns\/\">intoxication<\/a> rapide.<\/li><\/ul>\n<\/div><div class=\"bde-rich-text-604-141 bde-rich-text breakdance-rich-text-styles\">\n<ul><li><strong>Buvez beaucoup d\u2019eau.<\/strong> Boire de l\u2019eau aide \u00e0 contrer les effets d\u00e9shydratants de l\u2019alcool, comme les maux de t\u00eate, les \u00e9tourdissements et la fatigue, et r\u00e9duit vos risques de <a href=\"\/fr\/.\/benefits-of-drinking-less\/#harms\">risques li\u00e9s \u00e0 la consommation d\u2019alcool<\/a>.<\/li><\/ul>\n<\/div><div class=\"bde-rich-text-604-142 bde-rich-text breakdance-rich-text-styles\">\n<ul><li><strong>Apprenez ce qu\u2019est un verre standard et comptez vos consommations.<\/strong>\u00a0Savoir ce qu\u2019est un\u00a0<a href=\"https:\/\/knowalcohol.ca\/fr\/standard-drinks\/\">verre standard<\/a>\u00a0vous aide \u00e0 compter avec pr\u00e9cision combien de verres vous prenez. Cela vous permet d\u2019avoir une id\u00e9e du degr\u00e9 d\u2019intoxication que vous pourriez atteindre.<\/li><\/ul>\n<\/div><div class=\"bde-rich-text-604-143 bde-rich-text breakdance-rich-text-styles\">\n<ul><li><strong>\u00c9vitez de m\u00e9langer de l\u2019alcool avec des stimulants, comme des boissons \u00e9nergisantes et de la coca\u00efne, ou d\u2019autres drogues psychoactives illicites ou prescrites, comme des benzodiaz\u00e9pines et des opio\u00efdes. <\/strong>En effet, cela peut vous amener \u00e0 moins ressentir les effets de l\u2019 <a href=\"https:\/\/knowalcohol.ca\/fr\/drinking-patterns\/\">intoxication<\/a> \u00e0 l\u2019alcool, et causer des probl\u00e8mes respiratoires, un empoisonnement \u00e0 l\u2019alcool et d\u2019autres probl\u00e8mes de sant\u00e9 graves.<\/li><\/ul>\n<\/div><div class=\"bde-rich-text-604-144 bde-rich-text breakdance-rich-text-styles\">\n<ul><li><strong>\u00c9vitez certaines activit\u00e9s pendant et apr\u00e8s la consommation d\u2019alcool. <\/strong>La consommation d\u2019alcool nuit \u00e0 votre jugement, \u00e0 votre coordination et \u00e0 votre temps de r\u00e9action, ce qui augmente consid\u00e9rablement le risque de <a href=\"\/fr\/.\/benefits-of-drinking-less\/#harms\">risques li\u00e9s \u00e0 la consommation d\u2019alcool<\/a> pour vous et autrui.<\/li><\/ul>\n<\/div>\n<\/div><\/div><\/div>\n<\/section><section class=\"bde-section-604-116 bde-section\">\n  \n  \n\t\n\n\n\n        <div class=\"section-shape-divider-wrapper section-shape-divider-wrapper--1\">\n          <span class=\"section-shape-divider\">\n                      <svg\n                xmlns=\"http:\/\/www.w3.org\/2000\/svg\"\n                viewbox=\"0 0 1440 320\"\n                preserveaspectratio=\"none\"\n            >\n              <path d=\"m1440 176-218.331 87.333c-87.89 35.156-187.784 21.62-263.149-35.657l-116.67-88.67c-72.014-54.731-171.686-54.731-243.7 0l-116.67 88.67c-75.365 57.277-175.258 70.813-263.149 35.657L0 176v144h1440V176Z\" fill=\"currentColor\"\/>\n            <\/svg>\n                    <\/span>\n      <\/div>\n  <div class=\"section-container\"><div class=\"bde-columns-604-117 bde-columns\"><div class=\"bde-column-604-118 bde-column\">\n  \n  \n\t\n\n\n\n<h2 class=\"bde-heading-604-119 bde-heading\" data-entrance=\"fade\">\nDes conseils pour boire moins\n<\/h2><div class=\"bde-image-604-120 bde-image\" data-entrance=\"zoomOut\">\n<figure class=\"breakdance-image breakdance-image--1236\">\n\t<div class=\"breakdance-image-container\">\n\t\t<div class=\"breakdance-image-clip\"><img decoding=\"async\" class=\"breakdance-image-object\" src=\"https:\/\/knowalcohol.ca\/wp-content\/uploads\/2025\/04\/chart-line-down-duotone.svg\" width=\"\" height=\"\"><\/div>\n\t<\/div><\/figure>\n\n<\/div>\n<\/div><div class=\"bde-column-604-121 bde-column\">\n  \n  \n\t\n\n\n\n<div class=\"bde-rich-text-604-122 bde-rich-text breakdance-rich-text-styles\">\n<p>Un premier pas important vers la r\u00e9duction de votre consommation est de r\u00e9fl\u00e9chir \u00e0 quand, o\u00f9 et pourquoi vous prenez de l\u2019alcool, et avec qui.<\/p><p>R\u00e9duire votre consommation d\u2019alcool, que ce soit un peu ou beaucoup, peut s\u2019av\u00e9rer tr\u00e8s <a href=\"https:\/\/knowalcohol.ca\/fr\/benefits-of-drinking-less\/\">b\u00e9n\u00e9fique<\/a>. Commencez avec de petits objectifs, puis continuez ainsi:\u00a0<\/p>\n<\/div><div class=\"bde-rich-text-604-145 bde-rich-text breakdance-rich-text-styles\">\n<ul><li><strong>Fixez-vous une limite de consommations <em>avant de<\/em> prendre de l\u2019alcool.<\/strong> D\u00e9cidez de la quantit\u00e9 que vous comptez prendre avant une occasion de consommer et respectez-la. En vous fixant une limite atteignable et mesurable, il vous sera plus facile de r\u00e9duire votre consommation d\u2019alcool.<\/li><\/ul>\n<\/div><div class=\"bde-rich-text-604-146 bde-rich-text breakdance-rich-text-styles\">\n<ul><li><strong>Utilisez un verre plus petit.<\/strong> Vous pourrez ainsi verser moins d\u2019alcool et estimer plus pr\u00e9cis\u00e9ment la quantit\u00e9 que vous consommez.<\/li><\/ul>\n<\/div><div class=\"bde-rich-text-604-147 bde-rich-text breakdance-rich-text-styles\">\n<ul><li><strong>Choisissez des boissons sans alcool ou \u00e0 faible teneur en alcool. <\/strong>En choisissant ce type de boissons de temps en temps, vous diminuerez de fa\u00e7on importante votre consommation globale d\u2019alcool. Par le fait m\u00eame, vous r\u00e9duirez aussi les risques pour votre sant\u00e9, votre apport calorique et vos d\u00e9penses li\u00e9es \u00e0 l\u2019alcool.<\/li><\/ul>\n<\/div><div class=\"bde-rich-text-604-148 bde-rich-text breakdance-rich-text-styles\">\n<ul><li><strong>Choisissez des activit\u00e9s et des groupes de fr\u00e9quentations sans alcool. <\/strong>Prendre moins d\u2019alcool permet d\u2019essayer de nouvelles activit\u00e9s ou de passer du temps avec des gens qui sont moins port\u00e9s sur l\u2019alcool. Planifiez des \u00e9v\u00e9nements sociaux sans alcool, et essayez de passer des jours, des semaines ou des mois sans prendre aucun alcool.<\/li><\/ul>\n<\/div><div class=\"bde-rich-text-604-149 bde-rich-text breakdance-rich-text-styles\">\n<ul><li><strong>G\u00e9rez vos d\u00e9clencheurs. <\/strong>Si certains \u00e9v\u00e9nements, situations, personnes ou endroits ont tendance \u00e0 vous inciter \u00e0 prendre de l\u2019alcool ou \u00e0 en boire davantage que vous ne le souhaitez, vous devriez essayer de les \u00e9viter \u00e0 court terme. \u00c0 long terme, envisagez de mettre en place d\u2019autres comportements qui vous permettront de r\u00e9sister \u00e0 la tentation de consommer de l\u2019alcool. Vous pourrez les adopter en cas de besoin.<\/li><\/ul>\n<\/div><div class=\"bde-rich-text-604-150 bde-rich-text breakdance-rich-text-styles\">\n<ul><li><strong>Maintenez votre engagement et trouvez du soutien. <\/strong>Les obstacles sont courants sur la voie de la r\u00e9duction de la consommation d\u2019alcool ou de l\u2019abstinence, mais ce n\u2019est pas une raison pour abandonner. R\u00e9fl\u00e9chissez aux raisons qui vous ont pouss\u00e9 \u00e0 prendre de l\u2019alcool ou \u00e0 boire plus que pr\u00e9vu. Rappelez-vous ensuite les raisons qui vous ont pouss\u00e9 \u00e0 r\u00e9duire votre consommation. Envisagez de vous appuyer sur vos proches, de faire partie de groupes de soutien, de consulter un professionnel ou de recevoir un traitement pour vous aider \u00e0 maintenir votre engagement.<\/li><\/ul><p>Utilisez notre <a href=\"https:\/\/knowalcohol.ca\/fr\/calculator\/\">calculateur<\/a> pour savoir dans quelle mesure vous pourriez r\u00e9duire vos risques pour la sant\u00e9, \u00e9conomiser de l\u2019argent et r\u00e9duire vos calories en consommant moins.<\/p>\n<\/div>\n<\/div><\/div><div class=\"bde-code-block-604-139 bde-code-block\">\n\n\n\n<\/div><\/div>\n<\/section>","protected":false},"excerpt":{"rendered":"<p>Tips for Drinking Less When Zero is Best Not drinking at all is the best option for youth under the legal drinking age, people who are pregnant or trying to get pregnant, and those who are taking prescription medications or other drugs. People with an alcohol use disorder should abstain from alcohol but may need [&hellip;]<\/p>\n","protected":false},"author":1,"featured_media":0,"parent":0,"menu_order":0,"comment_status":"closed","ping_status":"closed","template":"","meta":{"_breakdance_hide_in_design_set":false,"_breakdance_tags":"","footnotes":""},"class_list":["post-604","page","type-page","status-publish","hentry"],"yoast_head":"<!-- This site is optimized with the Yoast SEO plugin v27.4 - https:\/\/yoast.com\/product\/yoast-seo-wordpress\/ -->\n<title>Tips - Know Alcohol<\/title>\n<meta name=\"robots\" content=\"index, follow, max-snippet:-1, max-image-preview:large, max-video-preview:-1\" \/>\n<link rel=\"canonical\" href=\"https:\/\/knowalcohol.ca\/fr\/tips\/\" \/>\n<meta property=\"og:locale\" content=\"fr_CA\" \/>\n<meta property=\"og:type\" content=\"article\" \/>\n<meta property=\"og:title\" content=\"Tips - Know Alcohol\" \/>\n<meta property=\"og:description\" content=\"Tips for Drinking Less When Zero is Best Not drinking at all is the best option for youth under the legal drinking age, people who are pregnant or trying to get pregnant, and those who are taking prescription medications or other drugs. People with an alcohol use disorder should abstain from alcohol but may need [&hellip;]\" \/>\n<meta property=\"og:url\" content=\"https:\/\/knowalcohol.ca\/fr\/tips\/\" \/>\n<meta property=\"og:site_name\" content=\"Know Alcohol\" \/>\n<meta property=\"article:modified_time\" content=\"2025-04-29T18:52:36+00:00\" \/>\n<meta property=\"og:image\" content=\"https:\/\/knowalcohol.ca\/wp-content\/uploads\/2026\/03\/know-alcohol.png\" \/>\n\t<meta property=\"og:image:width\" content=\"1200\" \/>\n\t<meta property=\"og:image:height\" content=\"675\" \/>\n\t<meta property=\"og:image:type\" content=\"image\/png\" \/>\n<meta name=\"twitter:card\" content=\"summary_large_image\" \/>\n<meta name=\"twitter:label1\" content=\"Estimation du temps de lecture\" \/>\n\t<meta name=\"twitter:data1\" content=\"4 minutes\" \/>\n<script type=\"application\/ld+json\" class=\"yoast-schema-graph\">{\"@context\":\"https:\\\/\\\/schema.org\",\"@graph\":[{\"@type\":\"WebPage\",\"@id\":\"https:\\\/\\\/knowalcohol.ca\\\/tips\\\/\",\"url\":\"https:\\\/\\\/knowalcohol.ca\\\/tips\\\/\",\"name\":\"Tips - Know Alcohol\",\"isPartOf\":{\"@id\":\"https:\\\/\\\/knowalcohol.ca\\\/#website\"},\"datePublished\":\"2024-06-20T18:54:22+00:00\",\"dateModified\":\"2025-04-29T18:52:36+00:00\",\"breadcrumb\":{\"@id\":\"https:\\\/\\\/knowalcohol.ca\\\/tips\\\/#breadcrumb\"},\"inLanguage\":\"fr-CA\",\"potentialAction\":[{\"@type\":\"ReadAction\",\"target\":[\"https:\\\/\\\/knowalcohol.ca\\\/tips\\\/\"]}]},{\"@type\":\"BreadcrumbList\",\"@id\":\"https:\\\/\\\/knowalcohol.ca\\\/tips\\\/#breadcrumb\",\"itemListElement\":[{\"@type\":\"ListItem\",\"position\":1,\"name\":\"Home\",\"item\":\"https:\\\/\\\/knowalcohol.ca\\\/\"},{\"@type\":\"ListItem\",\"position\":2,\"name\":\"Tips\"}]},{\"@type\":\"WebSite\",\"@id\":\"https:\\\/\\\/knowalcohol.ca\\\/#website\",\"url\":\"https:\\\/\\\/knowalcohol.ca\\\/\",\"name\":\"Know Alcohol\",\"description\":\"University of Victoria CISUR\",\"publisher\":{\"@id\":\"https:\\\/\\\/knowalcohol.ca\\\/#organization\"},\"potentialAction\":[{\"@type\":\"SearchAction\",\"target\":{\"@type\":\"EntryPoint\",\"urlTemplate\":\"https:\\\/\\\/knowalcohol.ca\\\/?s={search_term_string}\"},\"query-input\":{\"@type\":\"PropertyValueSpecification\",\"valueRequired\":true,\"valueName\":\"search_term_string\"}}],\"inLanguage\":\"fr-CA\"},{\"@type\":\"Organization\",\"@id\":\"https:\\\/\\\/knowalcohol.ca\\\/#organization\",\"name\":\"Know Alcohol\",\"url\":\"https:\\\/\\\/knowalcohol.ca\\\/\",\"logo\":{\"@type\":\"ImageObject\",\"inLanguage\":\"fr-CA\",\"@id\":\"https:\\\/\\\/knowalcohol.ca\\\/#\\\/schema\\\/logo\\\/image\\\/\",\"url\":\"https:\\\/\\\/knowalcohol.ca\\\/wp-content\\\/uploads\\\/2024\\\/04\\\/cropped-KA-Avatar.png\",\"contentUrl\":\"https:\\\/\\\/knowalcohol.ca\\\/wp-content\\\/uploads\\\/2024\\\/04\\\/cropped-KA-Avatar.png\",\"width\":512,\"height\":512,\"caption\":\"Know Alcohol\"},\"image\":{\"@id\":\"https:\\\/\\\/knowalcohol.ca\\\/#\\\/schema\\\/logo\\\/image\\\/\"}}]}<\/script>\n<!-- \/ Yoast SEO plugin. -->","yoast_head_json":{"title":"Tips - Know Alcohol","robots":{"index":"index","follow":"follow","max-snippet":"max-snippet:-1","max-image-preview":"max-image-preview:large","max-video-preview":"max-video-preview:-1"},"canonical":"https:\/\/knowalcohol.ca\/fr\/tips\/","og_locale":"fr_CA","og_type":"article","og_title":"Tips - Know Alcohol","og_description":"Tips for Drinking Less When Zero is Best Not drinking at all is the best option for youth under the legal drinking age, people who are pregnant or trying to get pregnant, and those who are taking prescription medications or other drugs. People with an alcohol use disorder should abstain from alcohol but may need [&hellip;]","og_url":"https:\/\/knowalcohol.ca\/fr\/tips\/","og_site_name":"Know Alcohol","article_modified_time":"2025-04-29T18:52:36+00:00","og_image":[{"width":1200,"height":675,"url":"https:\/\/knowalcohol.ca\/wp-content\/uploads\/2026\/03\/know-alcohol.png","type":"image\/png"}],"twitter_card":"summary_large_image","twitter_misc":{"Estimation du temps de lecture":"4 minutes"},"schema":{"@context":"https:\/\/schema.org","@graph":[{"@type":"WebPage","@id":"https:\/\/knowalcohol.ca\/tips\/","url":"https:\/\/knowalcohol.ca\/tips\/","name":"Tips - Know Alcohol","isPartOf":{"@id":"https:\/\/knowalcohol.ca\/#website"},"datePublished":"2024-06-20T18:54:22+00:00","dateModified":"2025-04-29T18:52:36+00:00","breadcrumb":{"@id":"https:\/\/knowalcohol.ca\/tips\/#breadcrumb"},"inLanguage":"fr-CA","potentialAction":[{"@type":"ReadAction","target":["https:\/\/knowalcohol.ca\/tips\/"]}]},{"@type":"BreadcrumbList","@id":"https:\/\/knowalcohol.ca\/tips\/#breadcrumb","itemListElement":[{"@type":"ListItem","position":1,"name":"Home","item":"https:\/\/knowalcohol.ca\/"},{"@type":"ListItem","position":2,"name":"Tips"}]},{"@type":"WebSite","@id":"https:\/\/knowalcohol.ca\/#website","url":"https:\/\/knowalcohol.ca\/","name":"Know Alcohol","description":"University of Victoria CISUR","publisher":{"@id":"https:\/\/knowalcohol.ca\/#organization"},"potentialAction":[{"@type":"SearchAction","target":{"@type":"EntryPoint","urlTemplate":"https:\/\/knowalcohol.ca\/?s={search_term_string}"},"query-input":{"@type":"PropertyValueSpecification","valueRequired":true,"valueName":"search_term_string"}}],"inLanguage":"fr-CA"},{"@type":"Organization","@id":"https:\/\/knowalcohol.ca\/#organization","name":"Know Alcohol","url":"https:\/\/knowalcohol.ca\/","logo":{"@type":"ImageObject","inLanguage":"fr-CA","@id":"https:\/\/knowalcohol.ca\/#\/schema\/logo\/image\/","url":"https:\/\/knowalcohol.ca\/wp-content\/uploads\/2024\/04\/cropped-KA-Avatar.png","contentUrl":"https:\/\/knowalcohol.ca\/wp-content\/uploads\/2024\/04\/cropped-KA-Avatar.png","width":512,"height":512,"caption":"Know Alcohol"},"image":{"@id":"https:\/\/knowalcohol.ca\/#\/schema\/logo\/image\/"}}]}},"_links":{"self":[{"href":"https:\/\/knowalcohol.ca\/fr\/wp-json\/wp\/v2\/pages\/604","targetHints":{"allow":["GET"]}}],"collection":[{"href":"https:\/\/knowalcohol.ca\/fr\/wp-json\/wp\/v2\/pages"}],"about":[{"href":"https:\/\/knowalcohol.ca\/fr\/wp-json\/wp\/v2\/types\/page"}],"author":[{"embeddable":true,"href":"https:\/\/knowalcohol.ca\/fr\/wp-json\/wp\/v2\/users\/1"}],"replies":[{"embeddable":true,"href":"https:\/\/knowalcohol.ca\/fr\/wp-json\/wp\/v2\/comments?post=604"}],"version-history":[{"count":2,"href":"https:\/\/knowalcohol.ca\/fr\/wp-json\/wp\/v2\/pages\/604\/revisions"}],"predecessor-version":[{"id":1237,"href":"https:\/\/knowalcohol.ca\/fr\/wp-json\/wp\/v2\/pages\/604\/revisions\/1237"}],"wp:attachment":[{"href":"https:\/\/knowalcohol.ca\/fr\/wp-json\/wp\/v2\/media?parent=604"}],"curies":[{"name":"wp","href":"https:\/\/api.w.org\/{rel}","templated":true}]}}