{"id":780,"date":"2024-08-14T08:49:02","date_gmt":"2024-08-14T15:49:02","guid":{"rendered":"https:\/\/knowalcohol.ca\/?page_id=780"},"modified":"2026-02-23T09:23:46","modified_gmt":"2026-02-23T16:23:46","slug":"get-support","status":"publish","type":"page","link":"https:\/\/knowalcohol.ca\/fr\/get-support\/","title":{"rendered":"Get Support"},"content":{"rendered":"<section class=\"bde-section-780-100 bde-section bde-preset-4f2c580c-f52c-42b0-bd65-211829ff07bb\">\n              \n  \n  \n\t\n\n\n\n        <div class=\"section-shape-divider-wrapper section-shape-divider-wrapper--1\">\n          <span class=\"section-shape-divider\">\n                      <svg\n                xmlns=\"http:\/\/www.w3.org\/2000\/svg\"\n                viewbox=\"0 0 1440 320\"\n                preserveaspectratio=\"none\"\n            >\n              <path fill=\"currentColor\" fill-opacity=\"1\" d=\"M0,288L1440,0L1440,320L0,320Z\"><\/path>\n            <\/svg>\n                    <\/span>\n      <\/div>\n  <div class=\"section-container\"><h1 class=\"bde-heading-780-101 bde-heading\" data-entrance=\"fade\">\nObtenir de l\u2019aide\n<\/h1><\/div>\n<\/section><section class=\"bde-section-780-102 bde-section\">\n  \n  \n\t\n\n\n\n<div class=\"section-container\"><div class=\"bde-text-780-140 bde-text\">\nEn cas d\u2019urgence, appelez le 9-1-1 ou rendez-vous \u00e0 l\u2019urgence de votre r\u00e9gion.\n<\/div><div class=\"bde-columns-780-103 bde-columns\"><div class=\"bde-column-780-104 bde-column\">\n  \n  \n\t\n\n\n\n<h2 class=\"bde-heading-780-106 bde-heading\" data-entrance=\"fade\">\nDes services de soutien\n<\/h2><div class=\"bde-image-780-159 bde-image\" data-entrance=\"zoomOut\">\n<figure class=\"breakdance-image breakdance-image--1238\">\n\t<div class=\"breakdance-image-container\">\n\t\t<div class=\"breakdance-image-clip\"><img decoding=\"async\" class=\"breakdance-image-object\" src=\"https:\/\/knowalcohol.ca\/wp-content\/uploads\/2025\/04\/location-dot-duotone-solid.svg\" width=\"\" height=\"\" alt=\"location icon\"><\/div>\n\t<\/div><\/figure>\n\n<\/div>\n<\/div><div class=\"bde-column-780-105 bde-column\">\n  \n  \n\t\n\n\n\n<div class=\"bde-rich-text-780-108 bde-rich-text breakdance-rich-text-styles\">\n<p><strong>Vous cherchez de l\u2019aide pr\u00e8s de chez vous? <\/strong>Parcourez les services <a href=\"https:\/\/www.canada.ca\/fr\/sante-canada\/services\/dependance-aux-drogues\/obtenez-aide-concernant-consommation-substances.html#a3\">provinciaux et territoriaux<\/a> de soutien et de traitement de l\u2019alcoolisme.<\/p><p>Si vous ou un proche avez besoin d\u2019aide concernant votre consommation d\u2019alcool, les services suivants sont offerts gratuitement:<\/p>\n<\/div><div class=\"bde-rich-text-780-158 bde-rich-text breakdance-rich-text-styles\">\n<p><a href=\"https:\/\/www.canada.ca\/fr\/sante-publique\/services\/services-sante-mentale\/sante-mentale-obtenir-aide.html\" target=\"_blank\" rel=\"noopener\">Soutien en sant\u00e9 mentale<\/a><\/p><ul><li>Un r\u00e9pertoire des ressources de soutien en sant\u00e9 mentale et en crise \u00e0 l\u2019\u00e9chelle nationale et par province ou territoire.<\/li><\/ul><hr \/><p><a href=\"https:\/\/www.aa.org\/fr\" target=\"_blank\" rel=\"noopener\">Alcooliques anonymes<\/a><\/p><ul><li>Rencontres et soutien pour les personnes ayant des probl\u00e8mes de consommation d\u2019alcool.<\/li><\/ul><hr \/><p><a href=\"https:\/\/al-anon.org\/fr\/\" target=\"_blank\" rel=\"noopener\">Al-Anon<\/a><\/p><ul><li>Rencontres et soutien pour les gens qui sont pr\u00e9occup\u00e9s par la consommation d\u2019alcool d\u2019une autre personne.<\/li><\/ul><hr \/><p><a href=\"https:\/\/smartrecovery-canada.ca\/\" target=\"_blank\" rel=\"noopener\">SMART Recovery\n[en anglais seulement]<\/a><\/p><ul><li>Rencontres, ressources et communaut\u00e9s en ligne pour aborder l\u2019usage de substances et les d\u00e9pendances \u00e0 l\u2019aide d\u2019une approche fond\u00e9e sur des donn\u00e9es probantes.<\/li><\/ul><hr \/><p><a href=\"https:\/\/988.ca\/fr\" target=\"_blank\" rel=\"noopener\">9-8-8 Ligne d\u2019aide en cas de crise de suicide<\/a><\/p><ul><li>Appelez ou textez le 9-8-8 pour \u00eatre mis en communication avec une personne sp\u00e9cialis\u00e9e en intervention qui r\u00e9pond, 24 heures sur 24, 7 jours sur 7.<\/li><\/ul><hr \/><p><a href=\"https:\/\/www.sac-isc.gc.ca\/fra\/1576090254932\/1576090371511\" target=\"_blank\" rel=\"noopener\">Programme national de lutte contre l\u2019abus de l\u2019alcool et de drogues chez les Autochtones (PNLAADA)<\/a><\/p><ul><li>Un r\u00e9pertoire des services de traitement financ\u00e9s par le gouvernement f\u00e9d\u00e9ral pour les Premi\u00e8res Nations et les Inuit dans chaque province ou territoire.<\/li><\/ul><hr \/><p><a href=\"https:\/\/www.holdinghopecanada.org\/\" target=\"_blank\" rel=\"noopener\">Holding Hope Support Group\n[en anglais seulement]<\/a><\/p><ul><li>Groupes de soutien dirig\u00e9s par des pairs pour les familles dont des proches vivent avec un trouble li\u00e9 \u00e0 l\u2019usage d\u2019alcool.<\/li><\/ul><hr \/><p><a href=\"https:\/\/www.farcanada.org\/\" target=\"_blank\" rel=\"noopener\">Families for Addiction Recovery\n[en anglais seulement]<\/a><\/p><ul><li>Services de soutien par les pairs pour les familles, les parents et les personnes responsables d\u2019enfants ayant des probl\u00e8mes de consommation d\u2019alcool.<\/li><\/ul><hr \/><p><a href=\"https:\/\/www.drugrehab.ca\/\" target=\"_blank\" rel=\"noopener\">Drug Rehab Centers Canada\n[en anglais seulement]<\/a><\/p><ul><li>Services de soutien confidentiel gratuit et d\u2019orientation vers des centres de r\u00e9adaptation au Canada.<\/li><\/ul>\n<\/div>\n<\/div><\/div><\/div>\n<\/section><section class=\"bde-section-780-109 bde-section\">\n              \n  \n  \n\t\n\n  <div class=\"section-background-overlay\"><\/div>\n\n\n        <div class=\"section-shape-divider-wrapper section-shape-divider-wrapper--1\">\n          <span class=\"section-shape-divider\">\n                      <svg\n                xmlns=\"http:\/\/www.w3.org\/2000\/svg\"\n                viewbox=\"0 0 1440 320\"\n                preserveaspectratio=\"none\"\n            >\n              <path d=\"m1440 176-218.331 87.333c-87.89 35.156-187.784 21.62-263.149-35.657l-116.67-88.67c-72.014-54.731-171.686-54.731-243.7 0l-116.67 88.67c-75.365 57.277-175.258 70.813-263.149 35.657L0 176v144h1440V176Z\" fill=\"currentColor\"\/>\n            <\/svg>\n                    <\/span>\n      <\/div>\n  <div class=\"section-container\"><div class=\"bde-columns-780-110 bde-columns\"><div class=\"bde-column-780-111 bde-column\">\n  \n  \n\t\n\n\n\n<h2 class=\"bde-heading-780-112 bde-heading\" data-entrance=\"fade\">\nAuto-\u00e9valuation\n<\/h2><div class=\"bde-image-780-113 bde-image\" data-entrance=\"zoomOut\">\n<figure class=\"breakdance-image breakdance-image--1239\">\n\t<div class=\"breakdance-image-container\">\n\t\t<div class=\"breakdance-image-clip\"><img decoding=\"async\" class=\"breakdance-image-object\" src=\"https:\/\/knowalcohol.ca\/wp-content\/uploads\/2025\/04\/chart-user-duotone-solid.svg\" width=\"\" height=\"\"><\/div>\n\t<\/div><\/figure>\n\n<\/div>\n<\/div><div class=\"bde-column-780-114 bde-column\">\n  \n  \n\t\n\n\n\n<div class=\"bde-rich-text-780-115 bde-rich-text breakdance-rich-text-styles\">\n<p>\u00c9valuer votre relation avec l\u2019alcool peut vous aider \u00e0 prendre des d\u00e9cisions \u00e9clair\u00e9es pour votre sant\u00e9 et \u00e0 demander de l\u2019aide si n\u00e9cessaire. En r\u00e8gle g\u00e9n\u00e9rale, une auto-\u00e9valuation comprend une r\u00e9flexion sur la fr\u00e9quence et la quantit\u00e9 de votre consommation d\u2019alcool, ainsi que sur l\u2019impact de la consommation d\u2019alcool sur votre vie.<\/p><p>Explorez ces outils pour \u00e9valuer votre consommation d\u2019alcool:<\/p><p><a href=\"https:\/\/auditscreen.org\/check-your-drinking\/\" target=\"_blank\" rel=\"noopener\">Test d\u2019identification des troubles li\u00e9s \u00e0 l\u2019usage d\u2019alcool (AUDIT) [en anglais seulement]<\/a><\/p><ul><li>Questionnaire de 10 questions pour d\u00e9pister la consommation excessive et les troubles li\u00e9s \u00e0 l\u2019usage d\u2019alcool.<\/li><\/ul><h4><em>Source: Organisation mondiale de la Sant\u00e9<\/em><\/h4><hr \/><p><a href=\"https:\/\/www.ccsa.ca\/fr\/alcool-connaitre-ses-limites-guide-pratique-devaluation-de-sa-consommation-dalcool\" target=\"_blank\" rel=\"noopener\">Alcool: conna\u00eetre ses limites: guide pratique d\u2019\u00e9valuation de sa consommation d\u2019alcool<\/a><\/p><ul><li>Fournit des conseils et recommandations aux personnes qui envisagent de r\u00e9duire leur consommation d\u2019alcool \u00e0 un niveau de risque plus bas.<\/li><\/ul><h4><em>Source: Centre canadien sur les d\u00e9pendances et l\u2019usage de substances<\/em><\/h4><hr \/><p><a href=\"https:\/\/www.heretohelp.bc.ca\/workbook\/you-and-substance-use\" target=\"_blank\" rel=\"noopener\">You and Substance Use: Things to Think About and Ways to Make Changes [en anglais seulement]<\/a><\/p><ul><li>Aide les personnes \u00e0 r\u00e9fl\u00e9chir \u00e0 leur comportement \u00e0 l\u2019\u00e9gard des substances psychoactives, \u00e0 d\u00e9cider si elles sont pr\u00eates \u00e0 changer et \u00e0 entreprendre des d\u00e9marches en ce sens.<\/li><\/ul><h4><em>Source: Here to help<\/em><\/h4><hr \/><p><a href=\"https:\/\/drinksmart.ca\/fr\/bac\/\" target=\"_blank\" rel=\"noopener\">Calculateur de la concentration d\u2019alcool dans le sang<\/a><\/p><ul><li>Outil de d\u00e9monstration pour comprendre le degr\u00e9 d\u2019intoxication lors de la consommation d\u2019alcool.<\/li><\/ul><h4><em>Source: DrinkSmart<\/em><\/h4><hr \/><p><a href=\"https:\/\/fr.helpwithdrinking.ca\/\" target=\"_blank\" rel=\"noopener\">Help With Drinking<\/a><\/p><ul><li>Fournit de l\u2019information et des ressources pour aider les personnes \u00e0 comprendre leur rapport \u00e0 l\u2019alcool et offre des options de soutien. Offre des ressources pour les proches et les prestataires de soins de sant\u00e9.<\/li><\/ul><h4><em>Source: Initiative canadienne de recherche sur l\u2019abus de substances et Centre de Colombie-Britannique sur l\u2019usage de substances<\/em><\/h4>\n<\/div>\n<\/div><\/div><\/div>\n<\/section>","protected":false},"excerpt":{"rendered":"<p>Get Help If you are in an emergency, call 9-1-1 or visit your local emergency room. Support Services Looking for help near you? Browse provincial and territorial alcohol support and treatment services.If you or someone you know needs help with alcohol use, the following services are available for free: Mental Health ResourcesA directory of mental [&hellip;]<\/p>\n","protected":false},"author":1,"featured_media":0,"parent":0,"menu_order":0,"comment_status":"closed","ping_status":"closed","template":"","meta":{"_breakdance_hide_in_design_set":false,"_breakdance_tags":"","footnotes":""},"class_list":["post-780","page","type-page","status-publish","hentry"],"yoast_head":"<!-- This site is optimized with the Yoast SEO plugin v27.4 - https:\/\/yoast.com\/product\/yoast-seo-wordpress\/ -->\n<title>Get Support - Know Alcohol<\/title>\n<meta name=\"description\" content=\"Know Alcohol provides helpful links to alcohol treatment and support resources across to help support Canadians.\" \/>\n<meta name=\"robots\" content=\"index, follow, max-snippet:-1, max-image-preview:large, max-video-preview:-1\" \/>\n<link rel=\"canonical\" href=\"https:\/\/knowalcohol.ca\/fr\/get-support\/\" \/>\n<meta property=\"og:locale\" content=\"fr_CA\" \/>\n<meta property=\"og:type\" content=\"article\" \/>\n<meta property=\"og:title\" content=\"Get Support - Know Alcohol\" \/>\n<meta property=\"og:description\" content=\"Know Alcohol provides helpful links to alcohol treatment and support resources across to help support Canadians.\" \/>\n<meta property=\"og:url\" content=\"https:\/\/knowalcohol.ca\/fr\/get-support\/\" \/>\n<meta property=\"og:site_name\" content=\"Know Alcohol\" \/>\n<meta property=\"article:modified_time\" content=\"2026-02-23T16:23:46+00:00\" \/>\n<meta property=\"og:image\" content=\"https:\/\/knowalcohol.ca\/wp-content\/uploads\/2026\/03\/know-alcohol.png\" \/>\n\t<meta property=\"og:image:width\" content=\"1200\" \/>\n\t<meta property=\"og:image:height\" content=\"675\" \/>\n\t<meta property=\"og:image:type\" content=\"image\/png\" \/>\n<meta name=\"twitter:card\" content=\"summary_large_image\" \/>\n<meta name=\"twitter:label1\" content=\"Estimation du temps de lecture\" \/>\n\t<meta name=\"twitter:data1\" content=\"3 minutes\" \/>\n<script type=\"application\/ld+json\" class=\"yoast-schema-graph\">{\"@context\":\"https:\\\/\\\/schema.org\",\"@graph\":[{\"@type\":\"WebPage\",\"@id\":\"https:\\\/\\\/knowalcohol.ca\\\/get-support\\\/\",\"url\":\"https:\\\/\\\/knowalcohol.ca\\\/get-support\\\/\",\"name\":\"Get Support - Know Alcohol\",\"isPartOf\":{\"@id\":\"https:\\\/\\\/knowalcohol.ca\\\/#website\"},\"datePublished\":\"2024-08-14T15:49:02+00:00\",\"dateModified\":\"2026-02-23T16:23:46+00:00\",\"description\":\"Know Alcohol provides helpful links to alcohol treatment and support resources across to help support Canadians.\",\"breadcrumb\":{\"@id\":\"https:\\\/\\\/knowalcohol.ca\\\/get-support\\\/#breadcrumb\"},\"inLanguage\":\"fr-CA\",\"potentialAction\":[{\"@type\":\"ReadAction\",\"target\":[\"https:\\\/\\\/knowalcohol.ca\\\/get-support\\\/\"]}]},{\"@type\":\"BreadcrumbList\",\"@id\":\"https:\\\/\\\/knowalcohol.ca\\\/get-support\\\/#breadcrumb\",\"itemListElement\":[{\"@type\":\"ListItem\",\"position\":1,\"name\":\"Home\",\"item\":\"https:\\\/\\\/knowalcohol.ca\\\/\"},{\"@type\":\"ListItem\",\"position\":2,\"name\":\"Get Support\"}]},{\"@type\":\"WebSite\",\"@id\":\"https:\\\/\\\/knowalcohol.ca\\\/#website\",\"url\":\"https:\\\/\\\/knowalcohol.ca\\\/\",\"name\":\"Know Alcohol\",\"description\":\"University of Victoria CISUR\",\"publisher\":{\"@id\":\"https:\\\/\\\/knowalcohol.ca\\\/#organization\"},\"potentialAction\":[{\"@type\":\"SearchAction\",\"target\":{\"@type\":\"EntryPoint\",\"urlTemplate\":\"https:\\\/\\\/knowalcohol.ca\\\/?s={search_term_string}\"},\"query-input\":{\"@type\":\"PropertyValueSpecification\",\"valueRequired\":true,\"valueName\":\"search_term_string\"}}],\"inLanguage\":\"fr-CA\"},{\"@type\":\"Organization\",\"@id\":\"https:\\\/\\\/knowalcohol.ca\\\/#organization\",\"name\":\"Know Alcohol\",\"url\":\"https:\\\/\\\/knowalcohol.ca\\\/\",\"logo\":{\"@type\":\"ImageObject\",\"inLanguage\":\"fr-CA\",\"@id\":\"https:\\\/\\\/knowalcohol.ca\\\/#\\\/schema\\\/logo\\\/image\\\/\",\"url\":\"https:\\\/\\\/knowalcohol.ca\\\/wp-content\\\/uploads\\\/2024\\\/04\\\/cropped-KA-Avatar.png\",\"contentUrl\":\"https:\\\/\\\/knowalcohol.ca\\\/wp-content\\\/uploads\\\/2024\\\/04\\\/cropped-KA-Avatar.png\",\"width\":512,\"height\":512,\"caption\":\"Know Alcohol\"},\"image\":{\"@id\":\"https:\\\/\\\/knowalcohol.ca\\\/#\\\/schema\\\/logo\\\/image\\\/\"}}]}<\/script>\n<!-- \/ Yoast SEO plugin. -->","yoast_head_json":{"title":"Get Support - Know Alcohol","description":"Know Alcohol provides helpful links to alcohol treatment and support resources across to help support Canadians.","robots":{"index":"index","follow":"follow","max-snippet":"max-snippet:-1","max-image-preview":"max-image-preview:large","max-video-preview":"max-video-preview:-1"},"canonical":"https:\/\/knowalcohol.ca\/fr\/get-support\/","og_locale":"fr_CA","og_type":"article","og_title":"Get Support - Know Alcohol","og_description":"Know Alcohol provides helpful links to alcohol treatment and support resources across to help support Canadians.","og_url":"https:\/\/knowalcohol.ca\/fr\/get-support\/","og_site_name":"Know Alcohol","article_modified_time":"2026-02-23T16:23:46+00:00","og_image":[{"width":1200,"height":675,"url":"https:\/\/knowalcohol.ca\/wp-content\/uploads\/2026\/03\/know-alcohol.png","type":"image\/png"}],"twitter_card":"summary_large_image","twitter_misc":{"Estimation du temps de lecture":"3 minutes"},"schema":{"@context":"https:\/\/schema.org","@graph":[{"@type":"WebPage","@id":"https:\/\/knowalcohol.ca\/get-support\/","url":"https:\/\/knowalcohol.ca\/get-support\/","name":"Get Support - Know Alcohol","isPartOf":{"@id":"https:\/\/knowalcohol.ca\/#website"},"datePublished":"2024-08-14T15:49:02+00:00","dateModified":"2026-02-23T16:23:46+00:00","description":"Know Alcohol provides helpful links to alcohol treatment and support resources across to help support Canadians.","breadcrumb":{"@id":"https:\/\/knowalcohol.ca\/get-support\/#breadcrumb"},"inLanguage":"fr-CA","potentialAction":[{"@type":"ReadAction","target":["https:\/\/knowalcohol.ca\/get-support\/"]}]},{"@type":"BreadcrumbList","@id":"https:\/\/knowalcohol.ca\/get-support\/#breadcrumb","itemListElement":[{"@type":"ListItem","position":1,"name":"Home","item":"https:\/\/knowalcohol.ca\/"},{"@type":"ListItem","position":2,"name":"Get Support"}]},{"@type":"WebSite","@id":"https:\/\/knowalcohol.ca\/#website","url":"https:\/\/knowalcohol.ca\/","name":"Know Alcohol","description":"University of Victoria CISUR","publisher":{"@id":"https:\/\/knowalcohol.ca\/#organization"},"potentialAction":[{"@type":"SearchAction","target":{"@type":"EntryPoint","urlTemplate":"https:\/\/knowalcohol.ca\/?s={search_term_string}"},"query-input":{"@type":"PropertyValueSpecification","valueRequired":true,"valueName":"search_term_string"}}],"inLanguage":"fr-CA"},{"@type":"Organization","@id":"https:\/\/knowalcohol.ca\/#organization","name":"Know Alcohol","url":"https:\/\/knowalcohol.ca\/","logo":{"@type":"ImageObject","inLanguage":"fr-CA","@id":"https:\/\/knowalcohol.ca\/#\/schema\/logo\/image\/","url":"https:\/\/knowalcohol.ca\/wp-content\/uploads\/2024\/04\/cropped-KA-Avatar.png","contentUrl":"https:\/\/knowalcohol.ca\/wp-content\/uploads\/2024\/04\/cropped-KA-Avatar.png","width":512,"height":512,"caption":"Know Alcohol"},"image":{"@id":"https:\/\/knowalcohol.ca\/#\/schema\/logo\/image\/"}}]}},"_links":{"self":[{"href":"https:\/\/knowalcohol.ca\/fr\/wp-json\/wp\/v2\/pages\/780","targetHints":{"allow":["GET"]}}],"collection":[{"href":"https:\/\/knowalcohol.ca\/fr\/wp-json\/wp\/v2\/pages"}],"about":[{"href":"https:\/\/knowalcohol.ca\/fr\/wp-json\/wp\/v2\/types\/page"}],"author":[{"embeddable":true,"href":"https:\/\/knowalcohol.ca\/fr\/wp-json\/wp\/v2\/users\/1"}],"replies":[{"embeddable":true,"href":"https:\/\/knowalcohol.ca\/fr\/wp-json\/wp\/v2\/comments?post=780"}],"version-history":[{"count":3,"href":"https:\/\/knowalcohol.ca\/fr\/wp-json\/wp\/v2\/pages\/780\/revisions"}],"predecessor-version":[{"id":1303,"href":"https:\/\/knowalcohol.ca\/fr\/wp-json\/wp\/v2\/pages\/780\/revisions\/1303"}],"wp:attachment":[{"href":"https:\/\/knowalcohol.ca\/fr\/wp-json\/wp\/v2\/media?parent=780"}],"curies":[{"name":"wp","href":"https:\/\/api.w.org\/{rel}","templated":true}]}}