{"id":816,"date":"2024-08-31T11:17:14","date_gmt":"2024-08-31T18:17:14","guid":{"rendered":"https:\/\/knowalcohol.ca\/?page_id=816"},"modified":"2025-04-29T11:56:43","modified_gmt":"2025-04-29T18:56:43","slug":"research","status":"publish","type":"page","link":"https:\/\/knowalcohol.ca\/fr\/research\/","title":{"rendered":"Recherche"},"content":{"rendered":"<section class=\"bde-section-816-100 bde-section bde-preset-4f2c580c-f52c-42b0-bd65-211829ff07bb\">\n              \n  \n  \n\t\n\n\n\n        <div class=\"section-shape-divider-wrapper section-shape-divider-wrapper--1\">\n          <span class=\"section-shape-divider\">\n                      <svg\n                xmlns=\"http:\/\/www.w3.org\/2000\/svg\"\n                viewbox=\"0 0 1440 320\"\n                preserveaspectratio=\"none\"\n            >\n              <path fill=\"currentColor\" fill-opacity=\"1\" d=\"M0,288L1440,0L1440,320L0,320Z\"><\/path>\n            <\/svg>\n                    <\/span>\n      <\/div>\n  <div class=\"section-container\"><h1 class=\"bde-heading-816-101 bde-heading\" data-entrance=\"fade\">\nRecherche\n<\/h1><\/div>\n<\/section><section class=\"bde-section-816-102 bde-section\">\n  \n  \n\t\n\n\n\n<div class=\"section-container\"><div class=\"bde-columns-816-103 bde-columns\"><div class=\"bde-column-816-105 bde-column\">\n  \n  \n\t\n\n\n\n<h2 class=\"bde-heading-816-153 bde-heading\" data-entrance=\"fade\">\nNotre calculateur\n<\/h2>\n<\/div><div class=\"bde-column-816-151 bde-column\">\n  \n  \n\t\n\n\n\n<div class=\"bde-rich-text-816-152 bde-rich-text breakdance-rich-text-styles\">\n<p>Comprendre L\u2019alcool est le premier site Web con\u00e7u pour fournir \u00e0 la population canadienne des renseignements personnalis\u00e9s \u00e0 propos de la sant\u00e9, des finances personnelles et de l\u2019apport calorique en lien avec la consommation d\u2019alcool. Le site Web montre \u00e9galement les avantages, les gains et les \u00e9conomies li\u00e9s \u00e0 une consommation d\u2019alcool r\u00e9duite.<\/p><p>Ce calculateur a \u00e9t\u00e9 cr\u00e9\u00e9 \u00e0 l\u2019aide des mod\u00e8les math\u00e9matiques des <a href=\"https:\/\/www.ccsa.ca\/fr\/reperes-canadiens-sur-lalcool-et-la-sante\">Rep\u00e8res canadiens sur l\u2019alcool et la sant\u00e9<\/a>.<\/p><p><strong>Avertissement: <\/strong>Notre calculateur n\u2019est pas destin\u00e9 \u00e0 remplacer les conseils des professionnels de la sant\u00e9.<\/p><p>Bien que notre calculateur soit bas\u00e9 sur les meilleurs m\u00e9thodes et recherches disponibles, ces recherches sont imparfaites et les chiffres fournis sont des estimations. Ces estimations tiennent seulement compte de l\u2019\u00e2ge, du sexe biologique et de la moyenne de verres consomm\u00e9s chaque semaine. Le calculateur n\u2019inclut pas d\u2019autres facteurs importants, comme l\u2019\u00e9tat de sant\u00e9 et les facteurs g\u00e9n\u00e9tiques, qui pourraient influencer la relation entre l\u2019alcool et la sant\u00e9. Ce calculateur pr\u00e9sente les risques pour la sant\u00e9 associ\u00e9s \u00e0 la consommation d\u2019alcool et la r\u00e9duction de ces risques associ\u00e9e \u00e0 une consommation r\u00e9duite. Pour certaines personnes qui prennent de tr\u00e8s faibles quantit\u00e9s d\u2019alcool, il peut n\u2019y avoir aucun risque ou m\u00eame certains avantages selon la mod\u00e9lisation. Dans ces cas, l\u2019affichage du calculateur indiquera qu\u2019il n\u2019y a pas de risque suppl\u00e9mentaire pour la sant\u00e9.<\/p>\n<\/div>\n<\/div><\/div><\/div>\n<\/section><section class=\"bde-section-816-109 bde-section\">\n              \n  \n  \n\t\n\n  <div class=\"section-background-overlay\"><\/div>\n\n\n<div class=\"section-container\"><div class=\"bde-columns-816-110 bde-columns\"><div class=\"bde-column-816-111 bde-column\">\n  \n  \n\t\n\n\n\n<h2 class=\"bde-heading-816-112 bde-heading\" data-entrance=\"fade\">\nSant\u00e9\n<\/h2>\n<\/div><div class=\"bde-column-816-114 bde-column\">\n  \n  \n\t\n\n\n\n<div class=\"bde-rich-text-816-115 bde-rich-text breakdance-rich-text-styles\">\n<h3>Dur\u00e9e de vie perdue par verre<\/h3><p>Pour calculer les minutes de vie perdues par verre consomm\u00e9, nous utilisons des donn\u00e9es sur les ann\u00e9es de vie perdues en raison de la consommation d\u2019alcool. Nous convertissons ces donn\u00e9es en minutes par an et les divisons ensuite par le nombre moyen de verres consomm\u00e9s chaque ann\u00e9e pendant la dur\u00e9e de vie restante estim\u00e9e. Par exemple, un homme de 19 ans qui boit 20 verres par semaine perd environ 8 minutes de vie par verre bu. Tout comme la dur\u00e9e de vie perdue totale, le nombre de minutes de vie perdues par verre d\u2019alcool est une moyenne qui varie consid\u00e9rablement d\u2019une personne \u00e0 l\u2019autre.<\/p><h3>Risque de mort pr\u00e9matur\u00e9e<\/h3><p>Pour calculer votre risque de mourir pr\u00e9matur\u00e9ment en raison de la consommation d\u2019alcool, nous utilisons les donn\u00e9es d\u2019un large groupe de personnes qui consomment de l\u2019alcool et d\u2019autres qui n\u2019en consomment pas. Ces donn\u00e9es indiquent le nombre d\u2019hommes et de femmes de diff\u00e9rents \u00e2ges qui sont d\u00e9c\u00e9d\u00e9s de diverses causes, ainsi que la quantit\u00e9 d\u2019alcool qu\u2019ils ont consomm\u00e9e en moyenne chaque jour. Nous supposons que les gens ont consomm\u00e9 une quantit\u00e9 constante d\u2019alcool tout au long de leur vie. Ensuite, nous regroupons les personnes en fonction de leur \u00e2ge, de leur sexe biologique et de leur consommation moyenne d\u2019alcool. Par exemple, un homme de 25 ans qui boit 5 verres par semaine a un risque de 1% de mourir de fa\u00e7on pr\u00e9matur\u00e9e en raison de sa consommation d\u2019alcool. Cela signifie que sur 100 personnes comme lui, une personne est susceptible de mourir de fa\u00e7on pr\u00e9matur\u00e9e \u00e0 cause de l\u2019alcool.<\/p><h3>\u00c9quivalence de cigarettes<\/h3><p>Afin de calculer les risques pour votre sant\u00e9 li\u00e9s \u00e0 la consommation d\u2019alcool en fonction du nombre \u00e9quivalent de cigarettes, nous comparons les donn\u00e9es de deux grands groupes de personnes: un groupe qui boit de l\u2019alcool et un groupe qui fume des cigarettes. Ces donn\u00e9es montrent le risque global de maladie ou de d\u00e9c\u00e8s pr\u00e9matur\u00e9 li\u00e9s \u00e0 la consommation d\u2019alcool et \u00e0 la cigarette, en fonction de l\u2019\u00e2ge et du sexe. Nous utilisons ensuite des mod\u00e8les math\u00e9matiques pour comparer les risques de l\u2019alcool \u00e0 ceux de la cigarette. Par exemple, les risques pour la sant\u00e9 d\u2019une femme de 32 ans qui boit 5 verres par semaine sont \u00e9quivalents aux risques de fumer 2 cigarettes par semaine.<\/p><h3>Risques de maladie<\/h3><p>Pour calculer votre risque de maladie ou de blessure caus\u00e9e par l\u2019alcool, nous utilisons les donn\u00e9es de deux groupes de personnes: un groupe qui boit de l\u2019alcool et un groupe qui n\u2019en boit pas. Nous examinons le nombre d\u2019hommes et de femmes de diff\u00e9rents \u00e2ges dans chaque groupe qui sont affect\u00e9s par des maladies ou des blessures. Les personnes sont regroup\u00e9es en fonction de leur \u00e2ge, de leur sexe biologique et de leur consommation moyenne d\u2019alcool. Pour que ce soit plus facile \u00e0 comprendre, nous utilisons une estimation du \u00abrisque relatif\u00bb afin de montrer quelles sont les probabilit\u00e9s que les personnes du groupe qui boit de l\u2019alcool souffrent d\u2019une maladie ou d\u2019une blessure comparativement au groupe qui ne boit pas.<\/p><p>Par exemple, une femme de 45 ans qui boit 7 verres standards par semaine a un risque de cancer du sein sup\u00e9rieur de 12,6% \u00e0 celui d\u2019une femme du m\u00eame \u00e2ge et du m\u00eame sexe qui ne boit pas. Le risque relatif est d\u00e9termin\u00e9 en comparant le risque de cancer du sein chez les personnes qui boivent (p. ex. 9 sur 100 ou 9%) au risque de cancer du sein chez les personnes qui ne boivent pas (p. ex. 8 sur 100 ou 8%). Dans ce cas, la diff\u00e9rence entre 8% et 9% repr\u00e9sente une diff\u00e9rence absolue du risque de 1%, mais la diff\u00e9rence relative du risque est de 12,6%.<\/p>\n<\/div>\n<\/div><\/div><\/div>\n<\/section><section class=\"bde-section-816-116 bde-section\">\n  \n  \n\t\n\n\n\n        <div class=\"section-shape-divider-wrapper section-shape-divider-wrapper--1\">\n          <span class=\"section-shape-divider\">\n                      <svg\n                xmlns=\"http:\/\/www.w3.org\/2000\/svg\"\n                viewbox=\"0 0 1440 320\"\n                preserveaspectratio=\"none\"\n            >\n              <path d=\"m1440 176-218.331 87.333c-87.89 35.156-187.784 21.62-263.149-35.657l-116.67-88.67c-72.014-54.731-171.686-54.731-243.7 0l-116.67 88.67c-75.365 57.277-175.258 70.813-263.149 35.657L0 176v144h1440V176Z\" fill=\"currentColor\"\/>\n            <\/svg>\n                    <\/span>\n      <\/div>\n  <div class=\"section-container\"><div class=\"bde-columns-816-117 bde-columns\"><div class=\"bde-column-816-118 bde-column\">\n  \n  \n\t\n\n\n\n<h2 class=\"bde-heading-816-119 bde-heading\" data-entrance=\"fade\">\nCo\u00fbts\n<\/h2>\n<\/div><div class=\"bde-column-816-121 bde-column\">\n  \n  \n\t\n\n\n\n<div class=\"bde-rich-text-816-122 bde-rich-text breakdance-rich-text-styles\">\n<p>Pour calculer les co\u00fbts mensuels, annuels et \u00e0 vie de la consommation d\u2019alcool, nous utilisons un prix moyen de 2,71$ \u00e9quivalent au prix moyen d\u2019un verre standard en Colombie-Britannique. Nous multiplions ce prix par le nombre de verres standards que vous consommez chaque semaine, puis par une dur\u00e9e, soit par semaine, par mois, par ann\u00e9e ou pour le reste de votre vie. Si vous indiquez votre propre montant par verre, nous utilisons ce montant pour calculer vos co\u00fbts.<\/p>\n<\/div>\n<\/div><\/div><\/div>\n<\/section><section class=\"bde-section-816-154 bde-section\">\n  \n  \n\t\n\n\n\n<div class=\"section-container\"><div class=\"bde-columns-816-155 bde-columns\"><div class=\"bde-column-816-156 bde-column\">\n  \n  \n\t\n\n\n\n<h2 class=\"bde-heading-816-157 bde-heading\" data-entrance=\"fade\">\nApport calorique\n<\/h2>\n<\/div><div class=\"bde-column-816-158 bde-column\">\n  \n  \n\t\n\n\n\n<div class=\"bde-rich-text-816-159 bde-rich-text breakdance-rich-text-styles\">\n<h3>Calories par jour<\/h3><p>Pour calculer le nombre de calories par jour provenant de la consommation d\u2019alcool, nous utilisons une moyenne de 147 calories par verre standard. Nous multiplions ce chiffre par le nombre de verres que vous consommez chaque semaine, puis nous le divisons par 7 pour estimer le nombre de calories que vous consommez par jour.<\/p><h3>Apport calorique quotidien recommand\u00e9<\/h3><p>Pour calculer le pourcentage d\u2019alcool par rapport au nombre de calories quotidiennes recommand\u00e9es, nous utilisons une moyenne de 2\u2009000 calories quotidiennes pour les adultes au Canada. Ce nombre est ensuite divis\u00e9 par le nombre de calories provenant de la consommation quotidienne d\u2019alcool, puis multipli\u00e9 par 100 pour estimer le pourcentage.<\/p><h3>\u00c9quivalents en calories<\/h3><p>Pour calculer le nombre de calories provenant de l\u2019alcool en fonction du nombre \u00e9quivalent de boissons gazeuses, pr\u00e9cis\u00e9ment du cola, et de cheeseburgers par mois, nous consid\u00e9rons qu\u2019une canette de 339 ml (12 oz) de Coca-Cola contient 140 calories et qu\u2019un Big Mac de McDonald contient 590 calories. Nous multiplions le nombre de calories quotidiennes provenant de l\u2019alcool par le nombre de semaines dans un mois, puis nous les divisons par les valeurs caloriques d\u2019un cola et d\u2019un cheeseburger.<\/p><p>Pour calculer l\u2019\u00e9quivalence en livres de sucre et de graisse par an des calories provenant de l\u2019alcool, nous consid\u00e9rons qu\u2019il y a 1\u2009755 calories dans une livre de sucre et 3 500 calories dans une livre de graisse. Nous multiplions les calories quotidiennes provenant de l\u2019alcool par le nombre de jours dans une ann\u00e9e, puis nous divisons par les valeurs caloriques pour le sucre et les graisses.<\/p><p><strong>Avertissement:<\/strong> L\u2019alcool est une source de calories vides et ne contient aucune valeur nutritionnelle. Les \u00e9quivalents caloriques sont uniquement fournis \u00e0 des fins de d\u00e9monstration. Ils ne doivent pas \u00eatre consid\u00e9r\u00e9s comme faisant partie de votre apport nutritionnel global. Il est important de noter que l\u2019\u00e9quivalent de calories en livres de graisse ne signifie pas que vous perdrez une quantit\u00e9 \u00e9quivalente de poids corporel.<\/p>\n<\/div>\n<\/div><\/div><\/div>\n<\/section><section class=\"bde-section-816-160 bde-section\">\n  \n  \n\t\n\n\n\n        <div class=\"section-shape-divider-wrapper section-shape-divider-wrapper--1\">\n          <span class=\"section-shape-divider\">\n                      <svg\n                xmlns=\"http:\/\/www.w3.org\/2000\/svg\"\n                viewbox=\"0 0 1440 320\"\n                preserveaspectratio=\"none\"\n            >\n              <path d=\"m1440 176-218.331 87.333c-87.89 35.156-187.784 21.62-263.149-35.657l-116.67-88.67c-72.014-54.731-171.686-54.731-243.7 0l-116.67 88.67c-75.365 57.277-175.258 70.813-263.149 35.657L0 176v144h1440V176Z\" fill=\"currentColor\"\/>\n            <\/svg>\n                    <\/span>\n      <\/div>\n  <div class=\"section-container\"><div class=\"bde-columns-816-161 bde-columns\"><div class=\"bde-column-816-162 bde-column\">\n  \n  \n\t\n\n\n\n<h2 class=\"bde-heading-816-163 bde-heading\" data-entrance=\"fade\">\nR\u00e9f\u00e9rences\n<\/h2>\n<\/div><div class=\"bde-column-816-164 bde-column\">\n  \n  \n\t\n\n\n\n<div class=\"bde-rich-text-816-165 bde-rich-text breakdance-rich-text-styles\">\n<p>Paradis, C., Butt, P., Shield, K., Poole, N., Wells, S., Naimi, T., Sherk, A., et les groupes d\u2019experts scientifiques des Directives de consommation d\u2019alcool \u00e0 faible risque. (2023). Rep\u00e8res canadiens sur l\u2019alcool et la sant\u00e9: rapport final. Ottawa, Ont.: Centre canadien sur les d\u00e9pendances et l\u2019usage de substances.<\/p><p>Statistique Canada (2018). Enqu\u00eate canadienne sur le tabac, l\u2019alcool et les drogues, 2017. Statistique Canada; Ottawa, Canada. <a href=\"https:\/\/www150.statcan.gc.ca\/n1\/fr\/daily-quotidien\/181030\/dq181030b-fra.pdf?st=fkbrGv0f\">https:\/\/www150.statcan.gc.ca\/n1\/fr\/daily-quotidien\/181030\/dq181030b-fra.pdf?st=fkbrGv0f<\/a><\/p><p>Jaswal, H., Sohi, I., Rehm, J., Churchill, S., Sherk, A., Stockwell, T., ... et Shield, K. D. (2024). A drink equals how many cigarettes? Equating mortality risks from alcohol and tobacco use in Canada. <em>Frontiers in Public Health<\/em>, <em>12<\/em>, 1331190.<\/p><p>Sherk, A., Naimi, T. S., Stockwell, T. et Hobin, E. (2019). Calorie intake from alcohol in Canada: Why new labelling requirements are necessary. <em>Revue canadienne de la pratique et de la recherche en di\u00e9t\u00e9tique<\/em>, <em>80<\/em>(3), 111-115.<\/p><p>Stockwell, T., Churchill, S., Sherk, A., Sorge, J. et Gruenewald, P. (2020). R\u00e9duction des d\u00e9c\u00e8s et des hospitalisations dus \u00e0 l\u2019alcool gr\u00e2ce \u00e0 des politiques fiscales et d\u2019\u00e9tablissement des prix diff\u00e9rentes? Mod\u00e9lisation des effets sur la consommation d\u2019alcool, les revenus et les m\u00e9faits li\u00e9s \u00e0 l\u2019alcool au Canada. <em>Promotion de la sant\u00e9 et pr\u00e9vention des maladies chroniques au Canada<\/em>, <em>40 <\/em>(5\/6).<\/p><p>Les calories dans un Big Mac de McDonald\u2019s: <a href=\"https:\/\/www.mcdonalds.com\/ca\/fr-ca\/about-our-food\/nutrition-calculator.html\">https:\/\/www.mcdonalds.com\/ca\/fr-ca\/about-our-food\/nutrition-calculator.html<\/a><\/p><p>Les calories dans un Coca-Cola: <a href=\"https:\/\/www.coca-cola.com\/ca\/fr\/marques\/coca-cola\/produits\/coca-cola\">https:\/\/www.coca-cola.com\/ca\/fr\/marques\/coca-cola\/produits\/coca-cola<\/a><\/p><p>Les calories contenues dans une livre de sucre et de graisse [en anglais seulement]: <a href=\"https:\/\/www.healthline.com\/nutrition\/calories-in-a-pound-of-fat\">https:\/\/www.healthline.com\/nutrition\/calories-in-a-pound-of-fat<\/a><\/p>\n<\/div>\n<\/div><\/div><\/div>\n<\/section>","protected":false},"excerpt":{"rendered":"<p>Research Our Calculator Know Alcohol is the first website designed to provide Canadians with personalized information on health, costs, and calories related to alcohol consumption. It also shows the benefits, gains, and savings of reducing alcohol consumption.This calculator was created using the mathematical models from Canada\u2019s Guidance on Alcohol and Health.Disclaimer: Our calculator is not [&hellip;]<\/p>\n","protected":false},"author":1,"featured_media":0,"parent":0,"menu_order":0,"comment_status":"closed","ping_status":"closed","template":"","meta":{"_breakdance_hide_in_design_set":false,"_breakdance_tags":"","footnotes":""},"class_list":["post-816","page","type-page","status-publish","hentry"],"yoast_head":"<!-- This site is optimized with the Yoast SEO plugin v27.4 - https:\/\/yoast.com\/product\/yoast-seo-wordpress\/ -->\n<title>Research - Know Alcohol<\/title>\n<meta name=\"description\" content=\"Discover Know Alcohol, Canada\u2019s go-to resource for personalized insights on alcohol\u2019s health impacts, costs, and calories. Learn the benefits, savings, and gains of reducing your alcohol consumption today.\" \/>\n<meta name=\"robots\" content=\"index, follow, max-snippet:-1, max-image-preview:large, max-video-preview:-1\" \/>\n<link rel=\"canonical\" href=\"https:\/\/knowalcohol.ca\/fr\/research\/\" \/>\n<meta property=\"og:locale\" content=\"fr_CA\" \/>\n<meta property=\"og:type\" content=\"article\" \/>\n<meta property=\"og:title\" content=\"Research - Know Alcohol\" \/>\n<meta property=\"og:description\" content=\"Discover Know Alcohol, Canada\u2019s go-to resource for personalized insights on alcohol\u2019s health impacts, costs, and calories. Learn the benefits, savings, and gains of reducing your alcohol consumption today.\" \/>\n<meta property=\"og:url\" content=\"https:\/\/knowalcohol.ca\/fr\/research\/\" \/>\n<meta property=\"og:site_name\" content=\"Know Alcohol\" \/>\n<meta property=\"article:modified_time\" content=\"2025-04-29T18:56:43+00:00\" \/>\n<meta property=\"og:image\" content=\"https:\/\/knowalcohol.ca\/wp-content\/uploads\/2026\/03\/know-alcohol.png\" \/>\n\t<meta property=\"og:image:width\" content=\"1200\" \/>\n\t<meta property=\"og:image:height\" content=\"675\" \/>\n\t<meta property=\"og:image:type\" content=\"image\/png\" \/>\n<meta name=\"twitter:card\" content=\"summary_large_image\" \/>\n<meta name=\"twitter:label1\" content=\"Estimation du temps de lecture\" \/>\n\t<meta name=\"twitter:data1\" content=\"6 minutes\" \/>\n<script type=\"application\/ld+json\" class=\"yoast-schema-graph\">{\"@context\":\"https:\\\/\\\/schema.org\",\"@graph\":[{\"@type\":\"WebPage\",\"@id\":\"https:\\\/\\\/knowalcohol.ca\\\/research\\\/\",\"url\":\"https:\\\/\\\/knowalcohol.ca\\\/research\\\/\",\"name\":\"Research - Know Alcohol\",\"isPartOf\":{\"@id\":\"https:\\\/\\\/knowalcohol.ca\\\/#website\"},\"datePublished\":\"2024-08-31T18:17:14+00:00\",\"dateModified\":\"2025-04-29T18:56:43+00:00\",\"description\":\"Discover Know Alcohol, Canada\u2019s go-to resource for personalized insights on alcohol\u2019s health impacts, costs, and calories. Learn the benefits, savings, and gains of reducing your alcohol consumption today.\",\"breadcrumb\":{\"@id\":\"https:\\\/\\\/knowalcohol.ca\\\/research\\\/#breadcrumb\"},\"inLanguage\":\"fr-CA\",\"potentialAction\":[{\"@type\":\"ReadAction\",\"target\":[\"https:\\\/\\\/knowalcohol.ca\\\/research\\\/\"]}]},{\"@type\":\"BreadcrumbList\",\"@id\":\"https:\\\/\\\/knowalcohol.ca\\\/research\\\/#breadcrumb\",\"itemListElement\":[{\"@type\":\"ListItem\",\"position\":1,\"name\":\"Home\",\"item\":\"https:\\\/\\\/knowalcohol.ca\\\/\"},{\"@type\":\"ListItem\",\"position\":2,\"name\":\"Research\"}]},{\"@type\":\"WebSite\",\"@id\":\"https:\\\/\\\/knowalcohol.ca\\\/#website\",\"url\":\"https:\\\/\\\/knowalcohol.ca\\\/\",\"name\":\"Know Alcohol\",\"description\":\"University of Victoria CISUR\",\"publisher\":{\"@id\":\"https:\\\/\\\/knowalcohol.ca\\\/#organization\"},\"potentialAction\":[{\"@type\":\"SearchAction\",\"target\":{\"@type\":\"EntryPoint\",\"urlTemplate\":\"https:\\\/\\\/knowalcohol.ca\\\/?s={search_term_string}\"},\"query-input\":{\"@type\":\"PropertyValueSpecification\",\"valueRequired\":true,\"valueName\":\"search_term_string\"}}],\"inLanguage\":\"fr-CA\"},{\"@type\":\"Organization\",\"@id\":\"https:\\\/\\\/knowalcohol.ca\\\/#organization\",\"name\":\"Know Alcohol\",\"url\":\"https:\\\/\\\/knowalcohol.ca\\\/\",\"logo\":{\"@type\":\"ImageObject\",\"inLanguage\":\"fr-CA\",\"@id\":\"https:\\\/\\\/knowalcohol.ca\\\/#\\\/schema\\\/logo\\\/image\\\/\",\"url\":\"https:\\\/\\\/knowalcohol.ca\\\/wp-content\\\/uploads\\\/2024\\\/04\\\/cropped-KA-Avatar.png\",\"contentUrl\":\"https:\\\/\\\/knowalcohol.ca\\\/wp-content\\\/uploads\\\/2024\\\/04\\\/cropped-KA-Avatar.png\",\"width\":512,\"height\":512,\"caption\":\"Know Alcohol\"},\"image\":{\"@id\":\"https:\\\/\\\/knowalcohol.ca\\\/#\\\/schema\\\/logo\\\/image\\\/\"}}]}<\/script>\n<!-- \/ Yoast SEO plugin. -->","yoast_head_json":{"title":"Research - Know Alcohol","description":"Discover Know Alcohol, Canada\u2019s go-to resource for personalized insights on alcohol\u2019s health impacts, costs, and calories. Learn the benefits, savings, and gains of reducing your alcohol consumption today.","robots":{"index":"index","follow":"follow","max-snippet":"max-snippet:-1","max-image-preview":"max-image-preview:large","max-video-preview":"max-video-preview:-1"},"canonical":"https:\/\/knowalcohol.ca\/fr\/research\/","og_locale":"fr_CA","og_type":"article","og_title":"Research - Know Alcohol","og_description":"Discover Know Alcohol, Canada\u2019s go-to resource for personalized insights on alcohol\u2019s health impacts, costs, and calories. Learn the benefits, savings, and gains of reducing your alcohol consumption today.","og_url":"https:\/\/knowalcohol.ca\/fr\/research\/","og_site_name":"Know Alcohol","article_modified_time":"2025-04-29T18:56:43+00:00","og_image":[{"width":1200,"height":675,"url":"https:\/\/knowalcohol.ca\/wp-content\/uploads\/2026\/03\/know-alcohol.png","type":"image\/png"}],"twitter_card":"summary_large_image","twitter_misc":{"Estimation du temps de lecture":"6 minutes"},"schema":{"@context":"https:\/\/schema.org","@graph":[{"@type":"WebPage","@id":"https:\/\/knowalcohol.ca\/research\/","url":"https:\/\/knowalcohol.ca\/research\/","name":"Research - Know Alcohol","isPartOf":{"@id":"https:\/\/knowalcohol.ca\/#website"},"datePublished":"2024-08-31T18:17:14+00:00","dateModified":"2025-04-29T18:56:43+00:00","description":"Discover Know Alcohol, Canada\u2019s go-to resource for personalized insights on alcohol\u2019s health impacts, costs, and calories. Learn the benefits, savings, and gains of reducing your alcohol consumption today.","breadcrumb":{"@id":"https:\/\/knowalcohol.ca\/research\/#breadcrumb"},"inLanguage":"fr-CA","potentialAction":[{"@type":"ReadAction","target":["https:\/\/knowalcohol.ca\/research\/"]}]},{"@type":"BreadcrumbList","@id":"https:\/\/knowalcohol.ca\/research\/#breadcrumb","itemListElement":[{"@type":"ListItem","position":1,"name":"Home","item":"https:\/\/knowalcohol.ca\/"},{"@type":"ListItem","position":2,"name":"Research"}]},{"@type":"WebSite","@id":"https:\/\/knowalcohol.ca\/#website","url":"https:\/\/knowalcohol.ca\/","name":"Know Alcohol","description":"University of Victoria CISUR","publisher":{"@id":"https:\/\/knowalcohol.ca\/#organization"},"potentialAction":[{"@type":"SearchAction","target":{"@type":"EntryPoint","urlTemplate":"https:\/\/knowalcohol.ca\/?s={search_term_string}"},"query-input":{"@type":"PropertyValueSpecification","valueRequired":true,"valueName":"search_term_string"}}],"inLanguage":"fr-CA"},{"@type":"Organization","@id":"https:\/\/knowalcohol.ca\/#organization","name":"Know Alcohol","url":"https:\/\/knowalcohol.ca\/","logo":{"@type":"ImageObject","inLanguage":"fr-CA","@id":"https:\/\/knowalcohol.ca\/#\/schema\/logo\/image\/","url":"https:\/\/knowalcohol.ca\/wp-content\/uploads\/2024\/04\/cropped-KA-Avatar.png","contentUrl":"https:\/\/knowalcohol.ca\/wp-content\/uploads\/2024\/04\/cropped-KA-Avatar.png","width":512,"height":512,"caption":"Know Alcohol"},"image":{"@id":"https:\/\/knowalcohol.ca\/#\/schema\/logo\/image\/"}}]}},"_links":{"self":[{"href":"https:\/\/knowalcohol.ca\/fr\/wp-json\/wp\/v2\/pages\/816","targetHints":{"allow":["GET"]}}],"collection":[{"href":"https:\/\/knowalcohol.ca\/fr\/wp-json\/wp\/v2\/pages"}],"about":[{"href":"https:\/\/knowalcohol.ca\/fr\/wp-json\/wp\/v2\/types\/page"}],"author":[{"embeddable":true,"href":"https:\/\/knowalcohol.ca\/fr\/wp-json\/wp\/v2\/users\/1"}],"replies":[{"embeddable":true,"href":"https:\/\/knowalcohol.ca\/fr\/wp-json\/wp\/v2\/comments?post=816"}],"version-history":[{"count":3,"href":"https:\/\/knowalcohol.ca\/fr\/wp-json\/wp\/v2\/pages\/816\/revisions"}],"predecessor-version":[{"id":1241,"href":"https:\/\/knowalcohol.ca\/fr\/wp-json\/wp\/v2\/pages\/816\/revisions\/1241"}],"wp:attachment":[{"href":"https:\/\/knowalcohol.ca\/fr\/wp-json\/wp\/v2\/media?parent=816"}],"curies":[{"name":"wp","href":"https:\/\/api.w.org\/{rel}","templated":true}]}}